{"id":26,"date":"2022-01-26T16:22:30","date_gmt":"2022-01-26T15:22:30","guid":{"rendered":"http:\/\/www.dr-moureaux.com\/?page_id=26"},"modified":"2022-02-20T16:41:55","modified_gmt":"2022-02-20T15:41:55","slug":"acceuil","status":"publish","type":"page","link":"https:\/\/www.dr-moureaux.com\/","title":{"rendered":"Acceuil"},"content":{"rendered":"\t\t<div data-elementor-type=\"wp-page\" data-elementor-id=\"26\" class=\"elementor elementor-26\" data-elementor-settings=\"[]\">\n\t\t\t\t\t\t\t<div class=\"elementor-section-wrap\">\n\t\t\t\t\t\t\t<section class=\"elementor-section elementor-top-section elementor-element elementor-element-09c936b elementor-section-height-min-height elementor-section-boxed elementor-section-height-default elementor-section-items-middle\" data-id=\"09c936b\" data-element_type=\"section\" data-settings=\"{&quot;background_background&quot;:&quot;slideshow&quot;,&quot;background_slideshow_gallery&quot;:[{&quot;id&quot;:447,&quot;url&quot;:&quot;http:\\\/\\\/www.dr-moureaux.com\\\/wp-content\\\/uploads\\\/2022\\\/01\\\/1.jpg&quot;},{&quot;id&quot;:448,&quot;url&quot;:&quot;http:\\\/\\\/www.dr-moureaux.com\\\/wp-content\\\/uploads\\\/2022\\\/01\\\/2.jpg&quot;},{&quot;id&quot;:449,&quot;url&quot;:&quot;http:\\\/\\\/www.dr-moureaux.com\\\/wp-content\\\/uploads\\\/2022\\\/01\\\/3.jpg&quot;}],&quot;background_slideshow_slide_duration&quot;:2000,&quot;background_slideshow_transition_duration&quot;:1500,&quot;background_slideshow_loop&quot;:&quot;yes&quot;,&quot;background_slideshow_slide_transition&quot;:&quot;fade&quot;,&quot;_ha_eqh_enable&quot;:false}\">\n\t\t\t\t\t\t<div class=\"elementor-container elementor-column-gap-default\">\n\t\t\t\t\t<div class=\"elementor-column elementor-col-100 elementor-top-column elementor-element elementor-element-7fd1661\" data-id=\"7fd1661\" data-element_type=\"column\">\n\t\t\t<div class=\"elementor-widget-wrap\">\n\t\t\t\t\t\t\t\t\t<\/div>\n\t\t<\/div>\n\t\t\t\t\t\t\t<\/div>\n\t\t<\/section>\n\t\t\t\t<section class=\"elementor-section elementor-top-section elementor-element elementor-element-fd31ba1 elementor-section-boxed elementor-section-height-default elementor-section-height-default\" data-id=\"fd31ba1\" data-element_type=\"section\" id=\"Dr-Moureaux\" data-settings=\"{&quot;background_background&quot;:&quot;classic&quot;,&quot;_ha_eqh_enable&quot;:false}\">\n\t\t\t\t\t\t<div class=\"elementor-container elementor-column-gap-default\">\n\t\t\t\t\t<div class=\"elementor-column elementor-col-100 elementor-top-column elementor-element elementor-element-ad5ef97\" data-id=\"ad5ef97\" data-element_type=\"column\">\n\t\t\t<div class=\"elementor-widget-wrap elementor-element-populated\">\n\t\t\t\t\t\t\t\t<div class=\"elementor-element elementor-element-df680f3 elementor-widget elementor-widget-spacer\" data-id=\"df680f3\" data-element_type=\"widget\" data-widget_type=\"spacer.default\">\n\t\t\t\t<div class=\"elementor-widget-container\">\n\t\t\t\t\t<div class=\"elementor-spacer\">\n\t\t\t<div class=\"elementor-spacer-inner\"><\/div>\n\t\t<\/div>\n\t\t\t\t<\/div>\n\t\t\t\t<\/div>\n\t\t\t\t<div class=\"elementor-element elementor-element-23c21b8 elementor-widget elementor-widget-heading\" data-id=\"23c21b8\" data-element_type=\"widget\" data-widget_type=\"heading.default\">\n\t\t\t\t<div class=\"elementor-widget-container\">\n\t\t\t<style>\/*! elementor - v3.5.4 - 23-01-2022 *\/\n.elementor-heading-title{padding:0;margin:0;line-height:1}.elementor-widget-heading .elementor-heading-title[class*=elementor-size-]>a{color:inherit;font-size:inherit;line-height:inherit}.elementor-widget-heading .elementor-heading-title.elementor-size-small{font-size:15px}.elementor-widget-heading .elementor-heading-title.elementor-size-medium{font-size:19px}.elementor-widget-heading .elementor-heading-title.elementor-size-large{font-size:29px}.elementor-widget-heading .elementor-heading-title.elementor-size-xl{font-size:39px}.elementor-widget-heading .elementor-heading-title.elementor-size-xxl{font-size:59px}<\/style><h3 class=\"elementor-heading-title elementor-size-default\">Docteur Patrick Moureaux M\u00e9decine Esth\u00e9tique | Vannes<\/h3>\t\t<\/div>\n\t\t\t\t<\/div>\n\t\t\t\t<section class=\"elementor-section elementor-inner-section elementor-element elementor-element-8183fbe elementor-section-content-middle elementor-section-boxed elementor-section-height-default elementor-section-height-default\" data-id=\"8183fbe\" data-element_type=\"section\" data-settings=\"{&quot;_ha_eqh_enable&quot;:false}\">\n\t\t\t\t\t\t<div class=\"elementor-container elementor-column-gap-default\">\n\t\t\t\t\t<div class=\"elementor-column elementor-col-50 elementor-inner-column elementor-element elementor-element-2915e7a elementor-invisible\" data-id=\"2915e7a\" data-element_type=\"column\" data-settings=\"{&quot;animation&quot;:&quot;fadeInLeft&quot;}\">\n\t\t\t<div class=\"elementor-widget-wrap elementor-element-populated\">\n\t\t\t\t\t\t\t\t<div class=\"elementor-element elementor-element-f416206 elementor-widget elementor-widget-image\" data-id=\"f416206\" data-element_type=\"widget\" data-widget_type=\"image.default\">\n\t\t\t\t<div class=\"elementor-widget-container\">\n\t\t\t<style>\/*! elementor - v3.5.4 - 23-01-2022 *\/\n.elementor-widget-image{text-align:center}.elementor-widget-image a{display:inline-block}.elementor-widget-image a img[src$=\".svg\"]{width:48px}.elementor-widget-image img{vertical-align:middle;display:inline-block}<\/style>\t\t\t\t\t\t\t\t\t\t\t\t<img loading=\"lazy\" decoding=\"async\" width=\"200\" height=\"200\" src=\"https:\/\/www.dr-moureaux.com\/wp-content\/uploads\/2022\/01\/dr-moureaux.png\" class=\"attachment-large size-large\" alt=\"\" srcset=\"https:\/\/www.dr-moureaux.com\/wp-content\/uploads\/2022\/01\/dr-moureaux.png 200w, https:\/\/www.dr-moureaux.com\/wp-content\/uploads\/2022\/01\/dr-moureaux-150x150.png 150w\" sizes=\"auto, (max-width: 34.9rem) calc(100vw - 2rem), (max-width: 53rem) calc(8 * (100vw \/ 12)), (min-width: 53rem) calc(6 * (100vw \/ 12)), 100vw\" \/>\t\t\t\t\t\t\t\t\t\t\t\t\t\t\t<\/div>\n\t\t\t\t<\/div>\n\t\t\t\t\t<\/div>\n\t\t<\/div>\n\t\t\t\t<div class=\"elementor-column elementor-col-50 elementor-inner-column elementor-element elementor-element-b231b81 elementor-invisible\" data-id=\"b231b81\" data-element_type=\"column\" data-settings=\"{&quot;animation&quot;:&quot;fadeInRight&quot;}\">\n\t\t\t<div class=\"elementor-widget-wrap elementor-element-populated\">\n\t\t\t\t\t\t\t\t<div class=\"elementor-element elementor-element-3b7ba67 elementor-widget elementor-widget-text-editor\" data-id=\"3b7ba67\" data-element_type=\"widget\" data-widget_type=\"text-editor.default\">\n\t\t\t\t<div class=\"elementor-widget-container\">\n\t\t\t<style>\/*! elementor - v3.5.4 - 23-01-2022 *\/\n.elementor-widget-text-editor.elementor-drop-cap-view-stacked .elementor-drop-cap{background-color:#818a91;color:#fff}.elementor-widget-text-editor.elementor-drop-cap-view-framed .elementor-drop-cap{color:#818a91;border:3px solid;background-color:transparent}.elementor-widget-text-editor:not(.elementor-drop-cap-view-default) .elementor-drop-cap{margin-top:8px}.elementor-widget-text-editor:not(.elementor-drop-cap-view-default) .elementor-drop-cap-letter{width:1em;height:1em}.elementor-widget-text-editor .elementor-drop-cap{float:left;text-align:center;line-height:1;font-size:50px}.elementor-widget-text-editor .elementor-drop-cap-letter{display:inline-block}<\/style>\t\t\t\t<p>Le <strong>Docteur Patrick Moureaux<\/strong> est dermatologue ancien interne du CHU d\u2019Angers, il est sp\u00e9cialis\u00e9 en M\u00e9decine Esth\u00e9tique et Dermatologie Correctrice.<\/p><p>Il vous re\u00e7oit \u00e0 son cabinet de Vannes, et est \u00e0 votre \u00e9coute pour vous conseiller et r\u00e9pondre \u00e0 toutes vos questions et vos doutes.<\/p><p>Une premi\u00e8re consultation avec un bilan pr\u00e9cis vous permettra d\u2019obtenir un plan de traitement personnalis\u00e9 et adapt\u00e9 \u00e0 votre demande. Vous serez inform\u00e9 sur toutes les techniques d\u2019injection (botox, acide hyaluronique), laser ou Peeling, Photomodulation LED propos\u00e9es par le centre.<\/p>\t\t\t\t\t\t<\/div>\n\t\t\t\t<\/div>\n\t\t\t\t\t<\/div>\n\t\t<\/div>\n\t\t\t\t\t\t\t<\/div>\n\t\t<\/section>\n\t\t\t\t<div class=\"elementor-element elementor-element-4e14907 elementor-widget-divider--view-line elementor-widget elementor-widget-divider\" data-id=\"4e14907\" data-element_type=\"widget\" data-widget_type=\"divider.default\">\n\t\t\t\t<div class=\"elementor-widget-container\">\n\t\t\t<style>\/*! elementor - v3.5.4 - 23-01-2022 *\/\n.elementor-widget-divider{--divider-border-style:none;--divider-border-width:1px;--divider-color:#2c2c2c;--divider-icon-size:20px;--divider-element-spacing:10px;--divider-pattern-height:24px;--divider-pattern-size:20px;--divider-pattern-url:none;--divider-pattern-repeat:repeat-x}.elementor-widget-divider .elementor-divider{display:-webkit-box;display:-ms-flexbox;display:flex}.elementor-widget-divider .elementor-divider__text{font-size:15px;line-height:1;max-width:95%}.elementor-widget-divider .elementor-divider__element{margin:0 var(--divider-element-spacing);-ms-flex-negative:0;flex-shrink:0}.elementor-widget-divider .elementor-icon{font-size:var(--divider-icon-size)}.elementor-widget-divider .elementor-divider-separator{display:-webkit-box;display:-ms-flexbox;display:flex;margin:0;direction:ltr}.elementor-widget-divider--view-line_icon .elementor-divider-separator,.elementor-widget-divider--view-line_text .elementor-divider-separator{-webkit-box-align:center;-ms-flex-align:center;align-items:center}.elementor-widget-divider--view-line_icon .elementor-divider-separator:after,.elementor-widget-divider--view-line_icon .elementor-divider-separator:before,.elementor-widget-divider--view-line_text .elementor-divider-separator:after,.elementor-widget-divider--view-line_text .elementor-divider-separator:before{display:block;content:\"\";border-bottom:0;-webkit-box-flex:1;-ms-flex-positive:1;flex-grow:1;border-top:var(--divider-border-width) var(--divider-border-style) var(--divider-color)}.elementor-widget-divider--element-align-left .elementor-divider .elementor-divider-separator>.elementor-divider__svg:first-of-type{-webkit-box-flex:0;-ms-flex-positive:0;flex-grow:0;-ms-flex-negative:100;flex-shrink:100}.elementor-widget-divider--element-align-left .elementor-divider-separator:before{content:none}.elementor-widget-divider--element-align-left .elementor-divider__element{margin-left:0}.elementor-widget-divider--element-align-right .elementor-divider .elementor-divider-separator>.elementor-divider__svg:last-of-type{-webkit-box-flex:0;-ms-flex-positive:0;flex-grow:0;-ms-flex-negative:100;flex-shrink:100}.elementor-widget-divider--element-align-right .elementor-divider-separator:after{content:none}.elementor-widget-divider--element-align-right .elementor-divider__element{margin-right:0}.elementor-widget-divider:not(.elementor-widget-divider--view-line_text):not(.elementor-widget-divider--view-line_icon) .elementor-divider-separator{border-top:var(--divider-border-width) var(--divider-border-style) var(--divider-color)}.elementor-widget-divider--separator-type-pattern{--divider-border-style:none}.elementor-widget-divider--separator-type-pattern.elementor-widget-divider--view-line .elementor-divider-separator,.elementor-widget-divider--separator-type-pattern:not(.elementor-widget-divider--view-line) .elementor-divider-separator:after,.elementor-widget-divider--separator-type-pattern:not(.elementor-widget-divider--view-line) .elementor-divider-separator:before,.elementor-widget-divider--separator-type-pattern:not([class*=elementor-widget-divider--view]) .elementor-divider-separator{width:100%;min-height:var(--divider-pattern-height);-webkit-mask-size:var(--divider-pattern-size) 100%;mask-size:var(--divider-pattern-size) 100%;-webkit-mask-repeat:var(--divider-pattern-repeat);mask-repeat:var(--divider-pattern-repeat);background-color:var(--divider-color);-webkit-mask-image:var(--divider-pattern-url);mask-image:var(--divider-pattern-url)}.elementor-widget-divider--no-spacing{--divider-pattern-size:auto}.elementor-widget-divider--bg-round{--divider-pattern-repeat:round}.rtl .elementor-widget-divider .elementor-divider__text{direction:rtl}<\/style>\t\t<div class=\"elementor-divider\">\n\t\t\t<span class=\"elementor-divider-separator\">\n\t\t\t\t\t\t<\/span>\n\t\t<\/div>\n\t\t\t\t<\/div>\n\t\t\t\t<\/div>\n\t\t\t\t<div class=\"elementor-element elementor-element-35d0ec8 elementor-widget elementor-widget-heading\" data-id=\"35d0ec8\" data-element_type=\"widget\" data-widget_type=\"heading.default\">\n\t\t\t\t<div class=\"elementor-widget-container\">\n\t\t\t<h4 class=\"elementor-heading-title elementor-size-default\">M\u00e9decine Esth\u00e9tique &amp; Dermatologie Correctrice<\/h4>\t\t<\/div>\n\t\t\t\t<\/div>\n\t\t\t\t<section class=\"elementor-section elementor-inner-section elementor-element elementor-element-01dab96 elementor-section-content-middle elementor-section-boxed elementor-section-height-default elementor-section-height-default\" data-id=\"01dab96\" data-element_type=\"section\" data-settings=\"{&quot;_ha_eqh_enable&quot;:false}\">\n\t\t\t\t\t\t<div class=\"elementor-container elementor-column-gap-default\">\n\t\t\t\t\t<div class=\"elementor-column elementor-col-50 elementor-inner-column elementor-element elementor-element-2ed08da\" data-id=\"2ed08da\" data-element_type=\"column\">\n\t\t\t<div class=\"elementor-widget-wrap elementor-element-populated\">\n\t\t\t\t\t\t\t\t<div class=\"elementor-element elementor-element-8f55cad elementor-widget elementor-widget-image\" data-id=\"8f55cad\" data-element_type=\"widget\" data-widget_type=\"image.default\">\n\t\t\t\t<div class=\"elementor-widget-container\">\n\t\t\t\t\t\t\t\t\t\t\t\t\t\t\t<img loading=\"lazy\" decoding=\"async\" width=\"300\" height=\"214\" src=\"https:\/\/www.dr-moureaux.com\/wp-content\/uploads\/2022\/01\/Anti-Age-300x214.png\" class=\"attachment-medium size-medium\" alt=\"\" srcset=\"https:\/\/www.dr-moureaux.com\/wp-content\/uploads\/2022\/01\/Anti-Age-300x214.png 300w, https:\/\/www.dr-moureaux.com\/wp-content\/uploads\/2022\/01\/Anti-Age.png 420w\" sizes=\"auto, (max-width: 34.9rem) calc(100vw - 2rem), (max-width: 53rem) calc(8 * (100vw \/ 12)), (min-width: 53rem) calc(6 * (100vw \/ 12)), 100vw\" \/>\t\t\t\t\t\t\t\t\t\t\t\t\t\t\t<\/div>\n\t\t\t\t<\/div>\n\t\t\t\t\t<\/div>\n\t\t<\/div>\n\t\t\t\t<div class=\"elementor-column elementor-col-50 elementor-inner-column elementor-element elementor-element-4789e33\" data-id=\"4789e33\" data-element_type=\"column\">\n\t\t\t<div class=\"elementor-widget-wrap elementor-element-populated\">\n\t\t\t\t\t\t\t\t<div class=\"elementor-element elementor-element-32fc944 elementor-widget elementor-widget-text-editor\" data-id=\"32fc944\" data-element_type=\"widget\" data-widget_type=\"text-editor.default\">\n\t\t\t\t<div class=\"elementor-widget-container\">\n\t\t\t\t\t\t\t<p style=\"text-align: center;\"><span style=\"color: #000000;\"><a style=\"color: #000000;\" href=\"https:\/\/www.dr-moureaux.com\/index.php\/acceuil\/traitements-anti-age__trashed\/photomodulation-led\/\">Photomodulation LED<\/a><\/span><br \/><span style=\"color: #000000;\"><a style=\"color: #000000;\" href=\"https:\/\/www.dr-moureaux.com\/index.php\/acceuil\/traitements-anti-age__trashed\/acide-hyaluronique\/\">Acide Hyaluronique<\/a><\/span><br \/><span style=\"color: #000000;\"><a style=\"color: #000000;\" href=\"https:\/\/www.dr-moureaux.com\/index.php\/acceuil\/traitements-anti-age__trashed\/le-botox\/\">Le Botox<\/a><\/span><br \/><span style=\"color: #000000;\"><a style=\"color: #000000;\" href=\"https:\/\/www.dr-moureaux.com\/index.php\/acceuil\/traitements-anti-age__trashed\/epilation-laser\/\">Epilation Laser<\/a><\/span><br \/><span style=\"color: #000000;\"><a style=\"color: #000000;\" href=\"https:\/\/www.dr-moureaux.com\/index.php\/acceuil\/traitements-anti-age__trashed\/laser-vasculaire\/\">Laser Vasculaire<\/a><\/span><br \/><span style=\"color: #000000;\"><a style=\"color: #000000;\" href=\"https:\/\/www.dr-moureaux.com\/index.php\/acceuil\/traitements-anti-age__trashed\/les-peelings\/\">Les Peelings<\/a><\/span><\/p>\t\t\t\t\t\t<\/div>\n\t\t\t\t<\/div>\n\t\t\t\t\t<\/div>\n\t\t<\/div>\n\t\t\t\t\t\t\t<\/div>\n\t\t<\/section>\n\t\t\t\t\t<\/div>\n\t\t<\/div>\n\t\t\t\t\t\t\t<\/div>\n\t\t<\/section>\n\t\t\t\t<section class=\"elementor-section elementor-top-section elementor-element elementor-element-1232dae elementor-section-boxed elementor-section-height-default elementor-section-height-default\" data-id=\"1232dae\" data-element_type=\"section\" data-settings=\"{&quot;background_background&quot;:&quot;classic&quot;,&quot;_ha_eqh_enable&quot;:false}\">\n\t\t\t\t\t\t<div class=\"elementor-container elementor-column-gap-default\">\n\t\t\t\t\t<div class=\"elementor-column elementor-col-100 elementor-top-column elementor-element elementor-element-8e06a77\" data-id=\"8e06a77\" data-element_type=\"column\">\n\t\t\t<div class=\"elementor-widget-wrap elementor-element-populated\">\n\t\t\t\t\t\t\t\t<div class=\"elementor-element elementor-element-9a6a85c elementor-widget-divider--view-line elementor-widget elementor-widget-divider\" data-id=\"9a6a85c\" data-element_type=\"widget\" data-widget_type=\"divider.default\">\n\t\t\t\t<div class=\"elementor-widget-container\">\n\t\t\t\t\t<div class=\"elementor-divider\">\n\t\t\t<span class=\"elementor-divider-separator\">\n\t\t\t\t\t\t<\/span>\n\t\t<\/div>\n\t\t\t\t<\/div>\n\t\t\t\t<\/div>\n\t\t\t\t<div class=\"elementor-element elementor-element-fa4f658 elementor-widget elementor-widget-heading\" data-id=\"fa4f658\" data-element_type=\"widget\" data-widget_type=\"heading.default\">\n\t\t\t\t<div class=\"elementor-widget-container\">\n\t\t\t<h3 class=\"elementor-heading-title elementor-size-default\">Docteur Patrick Moureaux Vannes<\/h3>\t\t<\/div>\n\t\t\t\t<\/div>\n\t\t\t\t<div class=\"elementor-element elementor-element-bf670f2 elementor-widget elementor-widget-google_maps\" data-id=\"bf670f2\" data-element_type=\"widget\" data-widget_type=\"google_maps.default\">\n\t\t\t\t<div class=\"elementor-widget-container\">\n\t\t\t<style>\/*! elementor - v3.5.4 - 23-01-2022 *\/\n.elementor-widget-google_maps .elementor-widget-container{overflow:hidden}.elementor-widget-google_maps iframe{height:300px}<\/style>\t\t<div class=\"elementor-custom-embed\">\n\t\t\t<iframe frameborder=\"0\" scrolling=\"no\" marginheight=\"0\" marginwidth=\"0\"\n\t\t\t\t\tsrc=\"https:\/\/maps.google.com\/maps?q=8%20Rue%20Jeanne%20d%27Arc%2C%2056000%20Vannes%2C%20France&#038;t=m&#038;z=13&#038;output=embed&#038;iwloc=near\"\n\t\t\t\t\ttitle=\"8 Rue Jeanne d&#039;Arc, 56000 Vannes, France\"\n\t\t\t\t\taria-label=\"8 Rue Jeanne d&#039;Arc, 56000 Vannes, France\"\n\t\t\t><\/iframe>\n\t\t<\/div>\n\t\t\t\t<\/div>\n\t\t\t\t<\/div>\n\t\t\t\t<div class=\"elementor-element elementor-element-c397331 elementor-widget elementor-widget-spacer\" data-id=\"c397331\" data-element_type=\"widget\" data-widget_type=\"spacer.default\">\n\t\t\t\t<div class=\"elementor-widget-container\">\n\t\t\t\t\t<div class=\"elementor-spacer\">\n\t\t\t<div class=\"elementor-spacer-inner\"><\/div>\n\t\t<\/div>\n\t\t\t\t<\/div>\n\t\t\t\t<\/div>\n\t\t\t\t\t<\/div>\n\t\t<\/div>\n\t\t\t\t\t\t\t<\/div>\n\t\t<\/section>\n\t\t\t\t\t\t<\/div>\n\t\t\t\t\t<\/div>\n\t\t","protected":false},"excerpt":{"rendered":"<p>Docteur Patrick Moureaux M\u00e9decine Esth\u00e9tique | Vannes Le Docteur Patrick Moureaux est dermatologue ancien interne du CHU d\u2019Angers, il est sp\u00e9cialis\u00e9 en M\u00e9decine Esth\u00e9tique et Dermatologie Correctrice. Il vous re\u00e7oit \u00e0 son cabinet de Vannes, et est \u00e0 votre \u00e9coute pour vous conseiller et r\u00e9pondre \u00e0 toutes vos questions et vos doutes. Une premi\u00e8re consultation &hellip; <\/p>\n<p class=\"link-more\"><a href=\"https:\/\/www.dr-moureaux.com\/\" class=\"more-link\">Continue reading<span class=\"screen-reader-text\"> &#8220;Acceuil&#8221;<\/span><\/a><\/p>\n","protected":false},"author":1,"featured_media":0,"parent":0,"menu_order":0,"comment_status":"closed","ping_status":"closed","template":"elementor_header_footer","meta":{"footnotes":""},"class_list":["post-26","page","type-page","status-publish","hentry","entry"],"yoast_head":"<!-- This site is optimized with the Yoast SEO plugin v18.0 - https:\/\/yoast.com\/wordpress\/plugins\/seo\/ -->\n<title>Acceuil - Dr Moureaux<\/title>\n<meta name=\"description\" content=\"Le Docteur Patrick Moureaux est dermatologue ancien interne du CHU d\u2019Angers, il est sp\u00e9cialis\u00e9 en M\u00e9decine Esth\u00e9tique, Dermatologie M\u00e9dicale et Correctrice.\" \/>\n<meta name=\"robots\" content=\"index, follow, max-snippet:-1, max-image-preview:large, max-video-preview:-1\" \/>\n<link rel=\"canonical\" href=\"https:\/\/www.dr-moureaux.com\/\" \/>\n<meta property=\"og:locale\" content=\"en_US\" \/>\n<meta property=\"og:type\" content=\"article\" \/>\n<meta property=\"og:title\" content=\"Acceuil - Dr Moureaux\" \/>\n<meta property=\"og:description\" content=\"Le Docteur Patrick Moureaux est dermatologue ancien interne du CHU d\u2019Angers, il est sp\u00e9cialis\u00e9 en M\u00e9decine Esth\u00e9tique, Dermatologie M\u00e9dicale et Correctrice.\" \/>\n<meta property=\"og:url\" content=\"https:\/\/www.dr-moureaux.com\/\" \/>\n<meta property=\"og:site_name\" content=\"Dr Moureaux\" \/>\n<meta property=\"article:modified_time\" content=\"2022-02-20T15:41:55+00:00\" \/>\n<meta property=\"og:image\" content=\"https:\/\/www.dr-moureaux.com\/wp-content\/uploads\/2022\/01\/dr-moureaux.png\" \/>\n<meta name=\"twitter:card\" content=\"summary_large_image\" \/>\n<meta name=\"twitter:label1\" content=\"Est. reading time\" \/>\n\t<meta name=\"twitter:data1\" content=\"1 minute\" \/>\n<script type=\"application\/ld+json\" class=\"yoast-schema-graph\">{\"@context\":\"https:\/\/schema.org\",\"@graph\":[{\"@type\":\"WebSite\",\"@id\":\"https:\/\/www.dr-moureaux.com\/#website\",\"url\":\"https:\/\/www.dr-moureaux.com\/\",\"name\":\"Dr Moureaux\",\"description\":\"Dermatologue et v\u00e9n\u00e9rologue \u00e0 Vannes\",\"potentialAction\":[{\"@type\":\"SearchAction\",\"target\":{\"@type\":\"EntryPoint\",\"urlTemplate\":\"https:\/\/www.dr-moureaux.com\/?s={search_term_string}\"},\"query-input\":\"required name=search_term_string\"}],\"inLanguage\":\"en-US\"},{\"@type\":\"ImageObject\",\"@id\":\"https:\/\/www.dr-moureaux.com\/#primaryimage\",\"inLanguage\":\"en-US\",\"url\":\"https:\/\/www.dr-moureaux.com\/wp-content\/uploads\/2022\/01\/dr-moureaux.png\",\"contentUrl\":\"https:\/\/www.dr-moureaux.com\/wp-content\/uploads\/2022\/01\/dr-moureaux.png\",\"width\":200,\"height\":200},{\"@type\":\"WebPage\",\"@id\":\"https:\/\/www.dr-moureaux.com\/#webpage\",\"url\":\"https:\/\/www.dr-moureaux.com\/\",\"name\":\"Acceuil - Dr Moureaux\",\"isPartOf\":{\"@id\":\"https:\/\/www.dr-moureaux.com\/#website\"},\"primaryImageOfPage\":{\"@id\":\"https:\/\/www.dr-moureaux.com\/#primaryimage\"},\"datePublished\":\"2022-01-26T15:22:30+00:00\",\"dateModified\":\"2022-02-20T15:41:55+00:00\",\"description\":\"Le Docteur Patrick Moureaux est dermatologue ancien interne du CHU d\u2019Angers, il est sp\u00e9cialis\u00e9 en M\u00e9decine Esth\u00e9tique, Dermatologie M\u00e9dicale et Correctrice.\",\"breadcrumb\":{\"@id\":\"https:\/\/www.dr-moureaux.com\/#breadcrumb\"},\"inLanguage\":\"en-US\",\"potentialAction\":[{\"@type\":\"ReadAction\",\"target\":[\"https:\/\/www.dr-moureaux.com\/\"]}]},{\"@type\":\"BreadcrumbList\",\"@id\":\"https:\/\/www.dr-moureaux.com\/#breadcrumb\",\"itemListElement\":[{\"@type\":\"ListItem\",\"position\":1,\"name\":\"Accueil\",\"item\":\"https:\/\/www.dr-moureaux.com\/\"},{\"@type\":\"ListItem\",\"position\":2,\"name\":\"Acceuil\"}]}]}<\/script>\n<!-- \/ Yoast SEO plugin. -->","yoast_head_json":{"title":"Acceuil - Dr Moureaux","description":"Le Docteur Patrick Moureaux est dermatologue ancien interne du CHU d\u2019Angers, il est sp\u00e9cialis\u00e9 en M\u00e9decine Esth\u00e9tique, Dermatologie M\u00e9dicale et Correctrice.","robots":{"index":"index","follow":"follow","max-snippet":"max-snippet:-1","max-image-preview":"max-image-preview:large","max-video-preview":"max-video-preview:-1"},"canonical":"https:\/\/www.dr-moureaux.com\/","og_locale":"en_US","og_type":"article","og_title":"Acceuil - Dr Moureaux","og_description":"Le Docteur Patrick Moureaux est dermatologue ancien interne du CHU d\u2019Angers, il est sp\u00e9cialis\u00e9 en M\u00e9decine Esth\u00e9tique, Dermatologie M\u00e9dicale et Correctrice.","og_url":"https:\/\/www.dr-moureaux.com\/","og_site_name":"Dr Moureaux","article_modified_time":"2022-02-20T15:41:55+00:00","og_image":[{"url":"https:\/\/www.dr-moureaux.com\/wp-content\/uploads\/2022\/01\/dr-moureaux.png"}],"twitter_card":"summary_large_image","twitter_misc":{"Est. reading time":"1 minute"},"schema":{"@context":"https:\/\/schema.org","@graph":[{"@type":"WebSite","@id":"https:\/\/www.dr-moureaux.com\/#website","url":"https:\/\/www.dr-moureaux.com\/","name":"Dr Moureaux","description":"Dermatologue et v\u00e9n\u00e9rologue \u00e0 Vannes","potentialAction":[{"@type":"SearchAction","target":{"@type":"EntryPoint","urlTemplate":"https:\/\/www.dr-moureaux.com\/?s={search_term_string}"},"query-input":"required name=search_term_string"}],"inLanguage":"en-US"},{"@type":"ImageObject","@id":"https:\/\/www.dr-moureaux.com\/#primaryimage","inLanguage":"en-US","url":"https:\/\/www.dr-moureaux.com\/wp-content\/uploads\/2022\/01\/dr-moureaux.png","contentUrl":"https:\/\/www.dr-moureaux.com\/wp-content\/uploads\/2022\/01\/dr-moureaux.png","width":200,"height":200},{"@type":"WebPage","@id":"https:\/\/www.dr-moureaux.com\/#webpage","url":"https:\/\/www.dr-moureaux.com\/","name":"Acceuil - Dr Moureaux","isPartOf":{"@id":"https:\/\/www.dr-moureaux.com\/#website"},"primaryImageOfPage":{"@id":"https:\/\/www.dr-moureaux.com\/#primaryimage"},"datePublished":"2022-01-26T15:22:30+00:00","dateModified":"2022-02-20T15:41:55+00:00","description":"Le Docteur Patrick Moureaux est dermatologue ancien interne du CHU d\u2019Angers, il est sp\u00e9cialis\u00e9 en M\u00e9decine Esth\u00e9tique, Dermatologie M\u00e9dicale et Correctrice.","breadcrumb":{"@id":"https:\/\/www.dr-moureaux.com\/#breadcrumb"},"inLanguage":"en-US","potentialAction":[{"@type":"ReadAction","target":["https:\/\/www.dr-moureaux.com\/"]}]},{"@type":"BreadcrumbList","@id":"https:\/\/www.dr-moureaux.com\/#breadcrumb","itemListElement":[{"@type":"ListItem","position":1,"name":"Accueil","item":"https:\/\/www.dr-moureaux.com\/"},{"@type":"ListItem","position":2,"name":"Acceuil"}]}]}},"_links":{"self":[{"href":"https:\/\/www.dr-moureaux.com\/index.php\/wp-json\/wp\/v2\/pages\/26","targetHints":{"allow":["GET"]}}],"collection":[{"href":"https:\/\/www.dr-moureaux.com\/index.php\/wp-json\/wp\/v2\/pages"}],"about":[{"href":"https:\/\/www.dr-moureaux.com\/index.php\/wp-json\/wp\/v2\/types\/page"}],"author":[{"embeddable":true,"href":"https:\/\/www.dr-moureaux.com\/index.php\/wp-json\/wp\/v2\/users\/1"}],"replies":[{"embeddable":true,"href":"https:\/\/www.dr-moureaux.com\/index.php\/wp-json\/wp\/v2\/comments?post=26"}],"version-history":[{"count":206,"href":"https:\/\/www.dr-moureaux.com\/index.php\/wp-json\/wp\/v2\/pages\/26\/revisions"}],"predecessor-version":[{"id":1247,"href":"https:\/\/www.dr-moureaux.com\/index.php\/wp-json\/wp\/v2\/pages\/26\/revisions\/1247"}],"wp:attachment":[{"href":"https:\/\/www.dr-moureaux.com\/index.php\/wp-json\/wp\/v2\/media?parent=26"}],"curies":[{"name":"wp","href":"https:\/\/api.w.org\/{rel}","templated":true}]}}