{"id":36,"date":"2022-01-26T16:31:27","date_gmt":"2022-01-26T15:31:27","guid":{"rendered":"http:\/\/www.dr-moureaux.com\/?page_id=36"},"modified":"2022-02-20T16:32:47","modified_gmt":"2022-02-20T15:32:47","slug":"acide-hyaluronique","status":"publish","type":"page","link":"https:\/\/www.dr-moureaux.com\/index.php\/acceuil\/acide-hyaluronique\/","title":{"rendered":"Acide Hyaluronique"},"content":{"rendered":"\t\t<div data-elementor-type=\"wp-page\" data-elementor-id=\"36\" class=\"elementor elementor-36\" data-elementor-settings=\"[]\">\n\t\t\t\t\t\t\t<div class=\"elementor-section-wrap\">\n\t\t\t\t\t\t\t<section class=\"elementor-section elementor-top-section elementor-element elementor-element-86b7615 elementor-section-boxed elementor-section-height-default elementor-section-height-default\" data-id=\"86b7615\" data-element_type=\"section\" data-settings=\"{&quot;_ha_eqh_enable&quot;:false}\">\n\t\t\t\t\t\t<div class=\"elementor-container elementor-column-gap-default\">\n\t\t\t\t\t<div class=\"elementor-column elementor-col-100 elementor-top-column elementor-element elementor-element-e52566c\" data-id=\"e52566c\" data-element_type=\"column\">\n\t\t\t<div class=\"elementor-widget-wrap elementor-element-populated\">\n\t\t\t\t\t\t\t\t<div class=\"elementor-element elementor-element-d3f1bdc elementor-widget elementor-widget-spacer\" data-id=\"d3f1bdc\" data-element_type=\"widget\" data-widget_type=\"spacer.default\">\n\t\t\t\t<div class=\"elementor-widget-container\">\n\t\t\t\t\t<div class=\"elementor-spacer\">\n\t\t\t<div class=\"elementor-spacer-inner\"><\/div>\n\t\t<\/div>\n\t\t\t\t<\/div>\n\t\t\t\t<\/div>\n\t\t\t\t<div class=\"elementor-element elementor-element-06b6a5f elementor-widget elementor-widget-heading\" data-id=\"06b6a5f\" data-element_type=\"widget\" data-widget_type=\"heading.default\">\n\t\t\t\t<div class=\"elementor-widget-container\">\n\t\t\t<style>\/*! elementor - v3.5.4 - 23-01-2022 *\/\n.elementor-heading-title{padding:0;margin:0;line-height:1}.elementor-widget-heading .elementor-heading-title[class*=elementor-size-]>a{color:inherit;font-size:inherit;line-height:inherit}.elementor-widget-heading .elementor-heading-title.elementor-size-small{font-size:15px}.elementor-widget-heading .elementor-heading-title.elementor-size-medium{font-size:19px}.elementor-widget-heading .elementor-heading-title.elementor-size-large{font-size:29px}.elementor-widget-heading .elementor-heading-title.elementor-size-xl{font-size:39px}.elementor-widget-heading .elementor-heading-title.elementor-size-xxl{font-size:59px}<\/style><h3 class=\"elementor-heading-title elementor-size-default\">Injection d'Acide Hyaluronique | Dr Moureaux Vannes<\/h3>\t\t<\/div>\n\t\t\t\t<\/div>\n\t\t\t\t<div class=\"elementor-element elementor-element-05e3d0e elementor-widget elementor-widget-image\" data-id=\"05e3d0e\" data-element_type=\"widget\" data-widget_type=\"image.default\">\n\t\t\t\t<div class=\"elementor-widget-container\">\n\t\t\t<style>\/*! elementor - v3.5.4 - 23-01-2022 *\/\n.elementor-widget-image{text-align:center}.elementor-widget-image a{display:inline-block}.elementor-widget-image a img[src$=\".svg\"]{width:48px}.elementor-widget-image img{vertical-align:middle;display:inline-block}<\/style>\t\t\t\t\t\t\t\t\t\t\t\t<img loading=\"lazy\" decoding=\"async\" width=\"640\" height=\"220\" src=\"https:\/\/www.dr-moureaux.com\/wp-content\/uploads\/2022\/01\/acide-hyaluronique.png\" class=\"attachment-large size-large\" alt=\"\" srcset=\"https:\/\/www.dr-moureaux.com\/wp-content\/uploads\/2022\/01\/acide-hyaluronique.png 930w, https:\/\/www.dr-moureaux.com\/wp-content\/uploads\/2022\/01\/acide-hyaluronique-300x103.png 300w, https:\/\/www.dr-moureaux.com\/wp-content\/uploads\/2022\/01\/acide-hyaluronique-768x264.png 768w\" sizes=\"auto, (max-width: 34.9rem) calc(100vw - 2rem), (max-width: 53rem) calc(8 * (100vw \/ 12)), (min-width: 53rem) calc(6 * (100vw \/ 12)), 100vw\" \/>\t\t\t\t\t\t\t\t\t\t\t\t\t\t\t<\/div>\n\t\t\t\t<\/div>\n\t\t\t\t<div class=\"elementor-element elementor-element-bbccce7 elementor-widget elementor-widget-text-editor\" data-id=\"bbccce7\" data-element_type=\"widget\" data-widget_type=\"text-editor.default\">\n\t\t\t\t<div class=\"elementor-widget-container\">\n\t\t\t<style>\/*! elementor - v3.5.4 - 23-01-2022 *\/\n.elementor-widget-text-editor.elementor-drop-cap-view-stacked .elementor-drop-cap{background-color:#818a91;color:#fff}.elementor-widget-text-editor.elementor-drop-cap-view-framed .elementor-drop-cap{color:#818a91;border:3px solid;background-color:transparent}.elementor-widget-text-editor:not(.elementor-drop-cap-view-default) .elementor-drop-cap{margin-top:8px}.elementor-widget-text-editor:not(.elementor-drop-cap-view-default) .elementor-drop-cap-letter{width:1em;height:1em}.elementor-widget-text-editor .elementor-drop-cap{float:left;text-align:center;line-height:1;font-size:50px}.elementor-widget-text-editor .elementor-drop-cap-letter{display:inline-block}<\/style>\t\t\t\t<p>Pour toutes les femmes d\u00e9sirant lutter contre les effets du vieillissement, l\u2019acide hyaluronique est le produit esth\u00e9tique id\u00e9al\u00a0: compl\u00e8tement biod\u00e9gradable dans le corps, agissant sur une tr\u00e8s longue p\u00e9riode, et avec des r\u00e9sultats imm\u00e9diats.<\/p><p>L\u2019Acide Hyaluronique est d\u00e9sormais le pivot des th\u00e9rapeutiques esth\u00e9tiques de comblement des rides. Toutes les rides peuvent \u00eatre trait\u00e9es \u00e0 l\u2019acide hyaluronique\u00a0: rides d\u2019expression, sillons du nez, aux coins de la bouche, plis d\u2019amertume, ridules\u2026 Il est \u00e9galement utilis\u00e9 pour\u00a0<strong>redessiner le contour des l\u00e8vres ou combler les creux du visage<\/strong>\u00a0au niveau de pommettes, des cernes, des joues, du front (avec le comblement de la ride du lion) et m\u00eame combler les creux occasionn\u00e9s par une varicelle ou l\u2019acn\u00e9.<\/p>\t\t\t\t\t\t<\/div>\n\t\t\t\t<\/div>\n\t\t\t\t<div class=\"elementor-element elementor-element-c0186e2 elementor-widget elementor-widget-heading\" data-id=\"c0186e2\" data-element_type=\"widget\" data-widget_type=\"heading.default\">\n\t\t\t\t<div class=\"elementor-widget-container\">\n\t\t\t<h4 class=\"elementor-heading-title elementor-size-default\">Injections d\u2019acide hyaluronique<\/h4>\t\t<\/div>\n\t\t\t\t<\/div>\n\t\t\t\t<div class=\"elementor-element elementor-element-9fd6c93 elementor-widget elementor-widget-text-editor\" data-id=\"9fd6c93\" data-element_type=\"widget\" data-widget_type=\"text-editor.default\">\n\t\t\t\t<div class=\"elementor-widget-container\">\n\t\t\t\t\t\t\t<p>La plupart du temps, les injections d\u2019acide hyaluronique se pratiquent lors de la consultation, au cabinet, sans anesth\u00e9sie (<em>un anesth\u00e9siant est d\u00e9j\u00e0 inclus dans le produit)<\/em>. Toutefois, selon le type de zones, il est possible d\u2019anesth\u00e9sier certaines parties \u00e0 traiter soit \u00e0 l\u2019aide d\u2019un anesth\u00e9siant classique, soit d\u2019une cr\u00e8me. Une s\u00e9ance dure 10 \u00e0 15 minutes en fonction du nombre de zones recevant les injections.<\/p><p>Il faut pr\u00e9ciser quels sont les traitements que vous prenez au cours de cette premi\u00e8re consultation, \u00a0apr\u00e8s \u00a0\u00eatre inform\u00e9 des contre indications possibles, d\u2019un comme un accord, nous ciblons la zone anatomique qui sera trait\u00e9e.<\/p><p>La peau peut-\u00eatre pr\u00e9par\u00e9e en appliquant des cosm\u00e9ceutiques et ou \u00a0en r\u00e9alisant\u00a0 un peeling pr\u00e9-implant.<\/p>\t\t\t\t\t\t<\/div>\n\t\t\t\t<\/div>\n\t\t\t\t<div class=\"elementor-element elementor-element-d57271c elementor-widget elementor-widget-heading\" data-id=\"d57271c\" data-element_type=\"widget\" data-widget_type=\"heading.default\">\n\t\t\t\t<div class=\"elementor-widget-container\">\n\t\t\t<h4 class=\"elementor-heading-title elementor-size-default\">Quels sont les suites des injections d\u2019Acide Hyaluronique?\n<\/h4>\t\t<\/div>\n\t\t\t\t<\/div>\n\t\t\t\t<div class=\"elementor-element elementor-element-bd3c8e6 elementor-widget elementor-widget-text-editor\" data-id=\"bd3c8e6\" data-element_type=\"widget\" data-widget_type=\"text-editor.default\">\n\t\t\t\t<div class=\"elementor-widget-container\">\n\t\t\t\t\t\t\t<p>Un certain nombre de r\u00e9actions peuvent survenir, elles sont rares, en g\u00e9n\u00e9rales b\u00e9nignes et r\u00e9versibles: \u00e9ryth\u00e8me (rougeur), micro-h\u00e9matomes, \u0153d\u00e8me, petits granulomes, de dur\u00e9e br\u00e8ve, une semaine environ.<\/p><p>Ces types de produit de comblement sont biod\u00e9gradables, ont une dur\u00e9e de vie intra-tissulaire de 9 \u00e0 12 mois et imposent de r\u00e9activer l\u2019implant en renouvelant 1 s\u00e9ance en r\u00e8gle g\u00e9n\u00e9rale 1 fois par an.<\/p><p>Une fois l\u2019implant r\u00e9alis\u00e9, il vous faudra appliquer des cr\u00e8mes r\u00e9hydratantes en continu, au moins pendant 15 jours, afin d\u2019optimiser la r\u00e9partition de l\u2019implant d\u2019acide hyaluronique, dans une peau tr\u00e8s r\u00e9hydrat\u00e9e et dans un deuxi\u00e8me temps, reprendre le protocole cosm\u00e9tologique anti \u00e2ge.<\/p><p>Il faut renouveler le traitement 1 fois par an afin de stabiliser le r\u00e9sultat initial obtenu.<\/p>\t\t\t\t\t\t<\/div>\n\t\t\t\t<\/div>\n\t\t\t\t<div class=\"elementor-element elementor-element-bb849b0 elementor-widget elementor-widget-spacer\" data-id=\"bb849b0\" data-element_type=\"widget\" data-widget_type=\"spacer.default\">\n\t\t\t\t<div class=\"elementor-widget-container\">\n\t\t\t\t\t<div class=\"elementor-spacer\">\n\t\t\t<div class=\"elementor-spacer-inner\"><\/div>\n\t\t<\/div>\n\t\t\t\t<\/div>\n\t\t\t\t<\/div>\n\t\t\t\t\t<\/div>\n\t\t<\/div>\n\t\t\t\t\t\t\t<\/div>\n\t\t<\/section>\n\t\t\t\t\t\t<\/div>\n\t\t\t\t\t<\/div>\n\t\t","protected":false},"excerpt":{"rendered":"<p>Injection d&#8217;Acide Hyaluronique | Dr Moureaux Vannes Pour toutes les femmes d\u00e9sirant lutter contre les effets du vieillissement, l\u2019acide hyaluronique est le produit esth\u00e9tique id\u00e9al\u00a0: compl\u00e8tement biod\u00e9gradable dans le corps, agissant sur une tr\u00e8s longue p\u00e9riode, et avec des r\u00e9sultats imm\u00e9diats. L\u2019Acide Hyaluronique est d\u00e9sormais le pivot des th\u00e9rapeutiques esth\u00e9tiques de comblement des rides. Toutes &hellip; <\/p>\n<p class=\"link-more\"><a href=\"https:\/\/www.dr-moureaux.com\/index.php\/acceuil\/acide-hyaluronique\/\" class=\"more-link\">Continue reading<span class=\"screen-reader-text\"> &#8220;Acide Hyaluronique&#8221;<\/span><\/a><\/p>\n","protected":false},"author":1,"featured_media":0,"parent":26,"menu_order":0,"comment_status":"closed","ping_status":"closed","template":"elementor_header_footer","meta":{"footnotes":""},"class_list":["post-36","page","type-page","status-publish","hentry","entry"],"yoast_head":"<!-- This site is optimized with the Yoast SEO plugin v18.0 - https:\/\/yoast.com\/wordpress\/plugins\/seo\/ -->\n<title>Acide Hyaluronique - Dr Moureaux<\/title>\n<meta name=\"description\" content=\"es injections d&#039;acide hyaluronique permettent de combler les rides, les cernes, de r\u00e9hydrater la peau et d&#039;augmenter le volume des l\u00e8vres et des pommettes.\" \/>\n<meta name=\"robots\" content=\"index, follow, max-snippet:-1, max-image-preview:large, max-video-preview:-1\" \/>\n<link rel=\"canonical\" href=\"https:\/\/www.dr-moureaux.com\/index.php\/acceuil\/traitements-anti-age__trashed\/acide-hyaluronique\/\" \/>\n<meta property=\"og:locale\" content=\"en_US\" \/>\n<meta property=\"og:type\" content=\"article\" \/>\n<meta property=\"og:title\" content=\"Acide Hyaluronique - Dr Moureaux\" \/>\n<meta property=\"og:description\" content=\"es injections d&#039;acide hyaluronique permettent de combler les rides, les cernes, de r\u00e9hydrater la peau et d&#039;augmenter le volume des l\u00e8vres et des pommettes.\" \/>\n<meta property=\"og:url\" content=\"https:\/\/www.dr-moureaux.com\/index.php\/acceuil\/traitements-anti-age__trashed\/acide-hyaluronique\/\" \/>\n<meta property=\"og:site_name\" content=\"Dr Moureaux\" \/>\n<meta property=\"article:modified_time\" content=\"2022-02-20T15:32:47+00:00\" \/>\n<meta property=\"og:image\" content=\"https:\/\/www.dr-moureaux.com\/wp-content\/uploads\/2022\/01\/acide-hyaluronique.png\" \/>\n<meta name=\"twitter:card\" content=\"summary_large_image\" \/>\n<meta name=\"twitter:label1\" content=\"Est. reading time\" \/>\n\t<meta name=\"twitter:data1\" content=\"3 minutes\" \/>\n<script type=\"application\/ld+json\" class=\"yoast-schema-graph\">{\"@context\":\"https:\/\/schema.org\",\"@graph\":[{\"@type\":\"WebSite\",\"@id\":\"https:\/\/www.dr-moureaux.com\/#website\",\"url\":\"https:\/\/www.dr-moureaux.com\/\",\"name\":\"Dr Moureaux\",\"description\":\"Dermatologue et v\u00e9n\u00e9rologue \u00e0 Vannes\",\"potentialAction\":[{\"@type\":\"SearchAction\",\"target\":{\"@type\":\"EntryPoint\",\"urlTemplate\":\"https:\/\/www.dr-moureaux.com\/?s={search_term_string}\"},\"query-input\":\"required name=search_term_string\"}],\"inLanguage\":\"en-US\"},{\"@type\":\"ImageObject\",\"@id\":\"https:\/\/www.dr-moureaux.com\/index.php\/acceuil\/traitements-anti-age__trashed\/acide-hyaluronique\/#primaryimage\",\"inLanguage\":\"en-US\",\"url\":\"https:\/\/www.dr-moureaux.com\/wp-content\/uploads\/2022\/01\/acide-hyaluronique.png\",\"contentUrl\":\"https:\/\/www.dr-moureaux.com\/wp-content\/uploads\/2022\/01\/acide-hyaluronique.png\",\"width\":930,\"height\":320},{\"@type\":\"WebPage\",\"@id\":\"https:\/\/www.dr-moureaux.com\/index.php\/acceuil\/traitements-anti-age__trashed\/acide-hyaluronique\/#webpage\",\"url\":\"https:\/\/www.dr-moureaux.com\/index.php\/acceuil\/traitements-anti-age__trashed\/acide-hyaluronique\/\",\"name\":\"Acide Hyaluronique - Dr Moureaux\",\"isPartOf\":{\"@id\":\"https:\/\/www.dr-moureaux.com\/#website\"},\"primaryImageOfPage\":{\"@id\":\"https:\/\/www.dr-moureaux.com\/index.php\/acceuil\/traitements-anti-age__trashed\/acide-hyaluronique\/#primaryimage\"},\"datePublished\":\"2022-01-26T15:31:27+00:00\",\"dateModified\":\"2022-02-20T15:32:47+00:00\",\"description\":\"es injections d'acide hyaluronique permettent de combler les rides, les cernes, de r\u00e9hydrater la peau et d'augmenter le volume des l\u00e8vres et des pommettes.\",\"breadcrumb\":{\"@id\":\"https:\/\/www.dr-moureaux.com\/index.php\/acceuil\/traitements-anti-age__trashed\/acide-hyaluronique\/#breadcrumb\"},\"inLanguage\":\"en-US\",\"potentialAction\":[{\"@type\":\"ReadAction\",\"target\":[\"https:\/\/www.dr-moureaux.com\/index.php\/acceuil\/traitements-anti-age__trashed\/acide-hyaluronique\/\"]}]},{\"@type\":\"BreadcrumbList\",\"@id\":\"https:\/\/www.dr-moureaux.com\/index.php\/acceuil\/traitements-anti-age__trashed\/acide-hyaluronique\/#breadcrumb\",\"itemListElement\":[{\"@type\":\"ListItem\",\"position\":1,\"name\":\"Accueil\",\"item\":\"https:\/\/www.dr-moureaux.com\/\"},{\"@type\":\"ListItem\",\"position\":2,\"name\":\"Acceuil\",\"item\":\"https:\/\/www.dr-moureaux.com\/\"},{\"@type\":\"ListItem\",\"position\":3,\"name\":\"Acide Hyaluronique\"}]}]}<\/script>\n<!-- \/ Yoast SEO plugin. -->","yoast_head_json":{"title":"Acide Hyaluronique - Dr Moureaux","description":"es injections d'acide hyaluronique permettent de combler les rides, les cernes, de r\u00e9hydrater la peau et d'augmenter le volume des l\u00e8vres et des pommettes.","robots":{"index":"index","follow":"follow","max-snippet":"max-snippet:-1","max-image-preview":"max-image-preview:large","max-video-preview":"max-video-preview:-1"},"canonical":"https:\/\/www.dr-moureaux.com\/index.php\/acceuil\/traitements-anti-age__trashed\/acide-hyaluronique\/","og_locale":"en_US","og_type":"article","og_title":"Acide Hyaluronique - Dr Moureaux","og_description":"es injections d'acide hyaluronique permettent de combler les rides, les cernes, de r\u00e9hydrater la peau et d'augmenter le volume des l\u00e8vres et des pommettes.","og_url":"https:\/\/www.dr-moureaux.com\/index.php\/acceuil\/traitements-anti-age__trashed\/acide-hyaluronique\/","og_site_name":"Dr Moureaux","article_modified_time":"2022-02-20T15:32:47+00:00","og_image":[{"url":"https:\/\/www.dr-moureaux.com\/wp-content\/uploads\/2022\/01\/acide-hyaluronique.png"}],"twitter_card":"summary_large_image","twitter_misc":{"Est. reading time":"3 minutes"},"schema":{"@context":"https:\/\/schema.org","@graph":[{"@type":"WebSite","@id":"https:\/\/www.dr-moureaux.com\/#website","url":"https:\/\/www.dr-moureaux.com\/","name":"Dr Moureaux","description":"Dermatologue et v\u00e9n\u00e9rologue \u00e0 Vannes","potentialAction":[{"@type":"SearchAction","target":{"@type":"EntryPoint","urlTemplate":"https:\/\/www.dr-moureaux.com\/?s={search_term_string}"},"query-input":"required name=search_term_string"}],"inLanguage":"en-US"},{"@type":"ImageObject","@id":"https:\/\/www.dr-moureaux.com\/index.php\/acceuil\/traitements-anti-age__trashed\/acide-hyaluronique\/#primaryimage","inLanguage":"en-US","url":"https:\/\/www.dr-moureaux.com\/wp-content\/uploads\/2022\/01\/acide-hyaluronique.png","contentUrl":"https:\/\/www.dr-moureaux.com\/wp-content\/uploads\/2022\/01\/acide-hyaluronique.png","width":930,"height":320},{"@type":"WebPage","@id":"https:\/\/www.dr-moureaux.com\/index.php\/acceuil\/traitements-anti-age__trashed\/acide-hyaluronique\/#webpage","url":"https:\/\/www.dr-moureaux.com\/index.php\/acceuil\/traitements-anti-age__trashed\/acide-hyaluronique\/","name":"Acide Hyaluronique - Dr Moureaux","isPartOf":{"@id":"https:\/\/www.dr-moureaux.com\/#website"},"primaryImageOfPage":{"@id":"https:\/\/www.dr-moureaux.com\/index.php\/acceuil\/traitements-anti-age__trashed\/acide-hyaluronique\/#primaryimage"},"datePublished":"2022-01-26T15:31:27+00:00","dateModified":"2022-02-20T15:32:47+00:00","description":"es injections d'acide hyaluronique permettent de combler les rides, les cernes, de r\u00e9hydrater la peau et d'augmenter le volume des l\u00e8vres et des pommettes.","breadcrumb":{"@id":"https:\/\/www.dr-moureaux.com\/index.php\/acceuil\/traitements-anti-age__trashed\/acide-hyaluronique\/#breadcrumb"},"inLanguage":"en-US","potentialAction":[{"@type":"ReadAction","target":["https:\/\/www.dr-moureaux.com\/index.php\/acceuil\/traitements-anti-age__trashed\/acide-hyaluronique\/"]}]},{"@type":"BreadcrumbList","@id":"https:\/\/www.dr-moureaux.com\/index.php\/acceuil\/traitements-anti-age__trashed\/acide-hyaluronique\/#breadcrumb","itemListElement":[{"@type":"ListItem","position":1,"name":"Accueil","item":"https:\/\/www.dr-moureaux.com\/"},{"@type":"ListItem","position":2,"name":"Acceuil","item":"https:\/\/www.dr-moureaux.com\/"},{"@type":"ListItem","position":3,"name":"Acide Hyaluronique"}]}]}},"_links":{"self":[{"href":"https:\/\/www.dr-moureaux.com\/index.php\/wp-json\/wp\/v2\/pages\/36","targetHints":{"allow":["GET"]}}],"collection":[{"href":"https:\/\/www.dr-moureaux.com\/index.php\/wp-json\/wp\/v2\/pages"}],"about":[{"href":"https:\/\/www.dr-moureaux.com\/index.php\/wp-json\/wp\/v2\/types\/page"}],"author":[{"embeddable":true,"href":"https:\/\/www.dr-moureaux.com\/index.php\/wp-json\/wp\/v2\/users\/1"}],"replies":[{"embeddable":true,"href":"https:\/\/www.dr-moureaux.com\/index.php\/wp-json\/wp\/v2\/comments?post=36"}],"version-history":[{"count":44,"href":"https:\/\/www.dr-moureaux.com\/index.php\/wp-json\/wp\/v2\/pages\/36\/revisions"}],"predecessor-version":[{"id":1238,"href":"https:\/\/www.dr-moureaux.com\/index.php\/wp-json\/wp\/v2\/pages\/36\/revisions\/1238"}],"up":[{"embeddable":true,"href":"https:\/\/www.dr-moureaux.com\/index.php\/wp-json\/wp\/v2\/pages\/26"}],"wp:attachment":[{"href":"https:\/\/www.dr-moureaux.com\/index.php\/wp-json\/wp\/v2\/media?parent=36"}],"curies":[{"name":"wp","href":"https:\/\/api.w.org\/{rel}","templated":true}]}}