{"id":726,"date":"2022-01-27T15:20:58","date_gmt":"2022-01-27T14:20:58","guid":{"rendered":"http:\/\/www.dr-moureaux.com\/?page_id=726"},"modified":"2022-01-27T17:31:52","modified_gmt":"2022-01-27T16:31:52","slug":"le-botox","status":"publish","type":"page","link":"https:\/\/www.dr-moureaux.com\/index.php\/acceuil\/le-botox\/","title":{"rendered":"Le Botox"},"content":{"rendered":"\t\t<div data-elementor-type=\"wp-page\" data-elementor-id=\"726\" class=\"elementor elementor-726\" data-elementor-settings=\"[]\">\n\t\t\t\t\t\t\t<div class=\"elementor-section-wrap\">\n\t\t\t\t\t\t\t<section class=\"elementor-section elementor-top-section elementor-element elementor-element-86b7615 elementor-section-boxed elementor-section-height-default elementor-section-height-default\" data-id=\"86b7615\" data-element_type=\"section\" data-settings=\"{&quot;_ha_eqh_enable&quot;:false}\">\n\t\t\t\t\t\t<div class=\"elementor-container elementor-column-gap-default\">\n\t\t\t\t\t<div class=\"elementor-column elementor-col-100 elementor-top-column elementor-element elementor-element-e52566c\" data-id=\"e52566c\" data-element_type=\"column\">\n\t\t\t<div class=\"elementor-widget-wrap elementor-element-populated\">\n\t\t\t\t\t\t\t\t<div class=\"elementor-element elementor-element-d3f1bdc elementor-widget elementor-widget-spacer\" data-id=\"d3f1bdc\" data-element_type=\"widget\" data-widget_type=\"spacer.default\">\n\t\t\t\t<div class=\"elementor-widget-container\">\n\t\t\t\t\t<div class=\"elementor-spacer\">\n\t\t\t<div class=\"elementor-spacer-inner\"><\/div>\n\t\t<\/div>\n\t\t\t\t<\/div>\n\t\t\t\t<\/div>\n\t\t\t\t<div class=\"elementor-element elementor-element-06b6a5f elementor-widget elementor-widget-heading\" data-id=\"06b6a5f\" data-element_type=\"widget\" data-widget_type=\"heading.default\">\n\t\t\t\t<div class=\"elementor-widget-container\">\n\t\t\t<style>\/*! elementor - v3.5.4 - 23-01-2022 *\/\n.elementor-heading-title{padding:0;margin:0;line-height:1}.elementor-widget-heading .elementor-heading-title[class*=elementor-size-]>a{color:inherit;font-size:inherit;line-height:inherit}.elementor-widget-heading .elementor-heading-title.elementor-size-small{font-size:15px}.elementor-widget-heading .elementor-heading-title.elementor-size-medium{font-size:19px}.elementor-widget-heading .elementor-heading-title.elementor-size-large{font-size:29px}.elementor-widget-heading .elementor-heading-title.elementor-size-xl{font-size:39px}.elementor-widget-heading .elementor-heading-title.elementor-size-xxl{font-size:59px}<\/style><h3 class=\"elementor-heading-title elementor-size-default\">Injection de Botox | Dr Patrick Moureaux Vannes<\/h3>\t\t<\/div>\n\t\t\t\t<\/div>\n\t\t\t\t<div class=\"elementor-element elementor-element-05e3d0e elementor-widget elementor-widget-image\" data-id=\"05e3d0e\" data-element_type=\"widget\" data-widget_type=\"image.default\">\n\t\t\t\t<div class=\"elementor-widget-container\">\n\t\t\t<style>\/*! elementor - v3.5.4 - 23-01-2022 *\/\n.elementor-widget-image{text-align:center}.elementor-widget-image a{display:inline-block}.elementor-widget-image a img[src$=\".svg\"]{width:48px}.elementor-widget-image img{vertical-align:middle;display:inline-block}<\/style>\t\t\t\t\t\t\t\t\t\t\t\t<img loading=\"lazy\" decoding=\"async\" width=\"640\" height=\"220\" src=\"https:\/\/www.dr-moureaux.com\/wp-content\/uploads\/2022\/01\/botox-une-1.png\" class=\"attachment-large size-large\" alt=\"\" srcset=\"https:\/\/www.dr-moureaux.com\/wp-content\/uploads\/2022\/01\/botox-une-1.png 930w, https:\/\/www.dr-moureaux.com\/wp-content\/uploads\/2022\/01\/botox-une-1-300x103.png 300w, https:\/\/www.dr-moureaux.com\/wp-content\/uploads\/2022\/01\/botox-une-1-768x264.png 768w\" sizes=\"auto, (max-width: 34.9rem) calc(100vw - 2rem), (max-width: 53rem) calc(8 * (100vw \/ 12)), (min-width: 53rem) calc(6 * (100vw \/ 12)), 100vw\" \/>\t\t\t\t\t\t\t\t\t\t\t\t\t\t\t<\/div>\n\t\t\t\t<\/div>\n\t\t\t\t<div class=\"elementor-element elementor-element-bbccce7 elementor-widget elementor-widget-text-editor\" data-id=\"bbccce7\" data-element_type=\"widget\" data-widget_type=\"text-editor.default\">\n\t\t\t\t<div class=\"elementor-widget-container\">\n\t\t\t<style>\/*! elementor - v3.5.4 - 23-01-2022 *\/\n.elementor-widget-text-editor.elementor-drop-cap-view-stacked .elementor-drop-cap{background-color:#818a91;color:#fff}.elementor-widget-text-editor.elementor-drop-cap-view-framed .elementor-drop-cap{color:#818a91;border:3px solid;background-color:transparent}.elementor-widget-text-editor:not(.elementor-drop-cap-view-default) .elementor-drop-cap{margin-top:8px}.elementor-widget-text-editor:not(.elementor-drop-cap-view-default) .elementor-drop-cap-letter{width:1em;height:1em}.elementor-widget-text-editor .elementor-drop-cap{float:left;text-align:center;line-height:1;font-size:50px}.elementor-widget-text-editor .elementor-drop-cap-letter{display:inline-block}<\/style>\t\t\t\t<p>La toxine botulique appel\u00e9e commun\u00e9ment Botox est une substance qui diminue la contraction des muscles. Elle est utilis\u00e9e depuis plus de 30 ans. Les indications de la toxine botulique en esth\u00e9tique concernent les rides inter sourcili\u00e8res, les rides du front et les rides de la patte d\u2019oie.<br \/>L\u2019objectif est de diminuer la contraction des muscles du visage afin de r\u00e9duire les rides d\u00e9j\u00e0 pr\u00e9sentes et limiter l\u2019apparition de nouveaux sillons disgracieux.<\/p>\t\t\t\t\t\t<\/div>\n\t\t\t\t<\/div>\n\t\t\t\t<div class=\"elementor-element elementor-element-c0186e2 elementor-widget elementor-widget-heading\" data-id=\"c0186e2\" data-element_type=\"widget\" data-widget_type=\"heading.default\">\n\t\t\t\t<div class=\"elementor-widget-container\">\n\t\t\t<h4 class=\"elementor-heading-title elementor-size-default\">Le Botox en Esth\u00e9tique\n<\/h4>\t\t<\/div>\n\t\t\t\t<\/div>\n\t\t\t\t<section class=\"elementor-section elementor-inner-section elementor-element elementor-element-d8e0db1 elementor-section-boxed elementor-section-height-default elementor-section-height-default\" data-id=\"d8e0db1\" data-element_type=\"section\" data-settings=\"{&quot;_ha_eqh_enable&quot;:false}\">\n\t\t\t\t\t\t<div class=\"elementor-container elementor-column-gap-default\">\n\t\t\t\t\t<div class=\"elementor-column elementor-col-50 elementor-inner-column elementor-element elementor-element-6999df3\" data-id=\"6999df3\" data-element_type=\"column\">\n\t\t\t<div class=\"elementor-widget-wrap elementor-element-populated\">\n\t\t\t\t\t\t\t\t<div class=\"elementor-element elementor-element-d8794a9 elementor-widget elementor-widget-image\" data-id=\"d8794a9\" data-element_type=\"widget\" data-widget_type=\"image.default\">\n\t\t\t\t<div class=\"elementor-widget-container\">\n\t\t\t\t\t\t\t\t\t\t\t\t\t\t\t<img loading=\"lazy\" decoding=\"async\" width=\"250\" height=\"235\" src=\"https:\/\/www.dr-moureaux.com\/wp-content\/uploads\/2022\/01\/botox.jpg\" class=\"attachment-large size-large\" alt=\"\" sizes=\"auto, (max-width: 34.9rem) calc(100vw - 2rem), (max-width: 53rem) calc(8 * (100vw \/ 12)), (min-width: 53rem) calc(6 * (100vw \/ 12)), 100vw\" \/>\t\t\t\t\t\t\t\t\t\t\t\t\t\t\t<\/div>\n\t\t\t\t<\/div>\n\t\t\t\t\t<\/div>\n\t\t<\/div>\n\t\t\t\t<div class=\"elementor-column elementor-col-50 elementor-inner-column elementor-element elementor-element-29604d2\" data-id=\"29604d2\" data-element_type=\"column\">\n\t\t\t<div class=\"elementor-widget-wrap elementor-element-populated\">\n\t\t\t\t\t\t\t\t<div class=\"elementor-element elementor-element-9fd6c93 elementor-widget elementor-widget-text-editor\" data-id=\"9fd6c93\" data-element_type=\"widget\" data-widget_type=\"text-editor.default\">\n\t\t\t\t<div class=\"elementor-widget-container\">\n\t\t\t\t\t\t\t<p>La plupart du temps, les injections d\u2019acide hyaluronique se pratiquent lors de la consultation, au cabinet, sans anesth\u00e9sie (<em>un anesth\u00e9siant est d\u00e9j\u00e0 inclus dans le produit)<\/em>. Toutefois, selon le type de zones, il est possible d\u2019anesth\u00e9sier certaines parties \u00e0 traiter soit \u00e0 l\u2019aide d\u2019un anesth\u00e9siant classique, soit d\u2019une cr\u00e8me. Une s\u00e9ance dure 10 \u00e0 15 minutes en fonction du nombre de zones recevant les injections.<\/p><p>Il faut pr\u00e9ciser quels sont les traitements que vous prenez au cours de cette premi\u00e8re consultation, \u00a0apr\u00e8s \u00a0\u00eatre inform\u00e9 des contre indications possibles, d\u2019un comme un accord, nous ciblons la zone anatomique qui sera trait\u00e9e.<\/p><p>La peau peut-\u00eatre pr\u00e9par\u00e9e en appliquant des cosm\u00e9ceutiques et ou \u00a0en r\u00e9alisant\u00a0 un peeling pr\u00e9-implant.<\/p>\t\t\t\t\t\t<\/div>\n\t\t\t\t<\/div>\n\t\t\t\t\t<\/div>\n\t\t<\/div>\n\t\t\t\t\t\t\t<\/div>\n\t\t<\/section>\n\t\t\t\t<div class=\"elementor-element elementor-element-bb849b0 elementor-widget elementor-widget-spacer\" data-id=\"bb849b0\" data-element_type=\"widget\" data-widget_type=\"spacer.default\">\n\t\t\t\t<div class=\"elementor-widget-container\">\n\t\t\t\t\t<div class=\"elementor-spacer\">\n\t\t\t<div class=\"elementor-spacer-inner\"><\/div>\n\t\t<\/div>\n\t\t\t\t<\/div>\n\t\t\t\t<\/div>\n\t\t\t\t\t<\/div>\n\t\t<\/div>\n\t\t\t\t\t\t\t<\/div>\n\t\t<\/section>\n\t\t\t\t\t\t<\/div>\n\t\t\t\t\t<\/div>\n\t\t","protected":false},"excerpt":{"rendered":"<p>Injection de Botox | Dr Patrick Moureaux Vannes La toxine botulique appel\u00e9e commun\u00e9ment Botox est une substance qui diminue la contraction des muscles. Elle est utilis\u00e9e depuis plus de 30 ans. Les indications de la toxine botulique en esth\u00e9tique concernent les rides inter sourcili\u00e8res, les rides du front et les rides de la patte d\u2019oie.L\u2019objectif &hellip; <\/p>\n<p class=\"link-more\"><a href=\"https:\/\/www.dr-moureaux.com\/index.php\/acceuil\/le-botox\/\" class=\"more-link\">Continue reading<span class=\"screen-reader-text\"> &#8220;Le Botox&#8221;<\/span><\/a><\/p>\n","protected":false},"author":1,"featured_media":0,"parent":26,"menu_order":0,"comment_status":"closed","ping_status":"closed","template":"elementor_header_footer","meta":{"footnotes":""},"class_list":["post-726","page","type-page","status-publish","hentry","entry"],"yoast_head":"<!-- This site is optimized with the Yoast SEO plugin v18.0 - https:\/\/yoast.com\/wordpress\/plugins\/seo\/ -->\n<title>Le Botox - Dr Moureaux<\/title>\n<meta name=\"description\" content=\"La toxine botulique appel\u00e9e commun\u00e9ment Botox est une substance qui diminue la contraction des muscles. Elle est utilis\u00e9e depuis plus de 30 ans. Les indications de la toxine botulique en esth\u00e9tique concernent les rides inter sourcili\u00e8res, les rides du front et les rides de la patte d\u2019oie.\" \/>\n<meta name=\"robots\" content=\"index, follow, max-snippet:-1, max-image-preview:large, max-video-preview:-1\" \/>\n<link rel=\"canonical\" href=\"https:\/\/www.dr-moureaux.com\/index.php\/acceuil\/traitements-anti-age__trashed\/le-botox\/\" \/>\n<meta property=\"og:locale\" content=\"en_US\" \/>\n<meta property=\"og:type\" content=\"article\" \/>\n<meta property=\"og:title\" content=\"Le Botox - Dr Moureaux\" \/>\n<meta property=\"og:description\" content=\"La toxine botulique appel\u00e9e commun\u00e9ment Botox est une substance qui diminue la contraction des muscles. Elle est utilis\u00e9e depuis plus de 30 ans. Les indications de la toxine botulique en esth\u00e9tique concernent les rides inter sourcili\u00e8res, les rides du front et les rides de la patte d\u2019oie.\" \/>\n<meta property=\"og:url\" content=\"https:\/\/www.dr-moureaux.com\/index.php\/acceuil\/traitements-anti-age__trashed\/le-botox\/\" \/>\n<meta property=\"og:site_name\" content=\"Dr Moureaux\" \/>\n<meta property=\"article:modified_time\" content=\"2022-01-27T16:31:52+00:00\" \/>\n<meta property=\"og:image\" content=\"https:\/\/www.dr-moureaux.com\/wp-content\/uploads\/2022\/01\/botox-une-1.png\" \/>\n<meta name=\"twitter:card\" content=\"summary_large_image\" \/>\n<meta name=\"twitter:label1\" content=\"Est. reading time\" \/>\n\t<meta name=\"twitter:data1\" content=\"2 minutes\" \/>\n<script type=\"application\/ld+json\" class=\"yoast-schema-graph\">{\"@context\":\"https:\/\/schema.org\",\"@graph\":[{\"@type\":\"WebSite\",\"@id\":\"https:\/\/www.dr-moureaux.com\/#website\",\"url\":\"https:\/\/www.dr-moureaux.com\/\",\"name\":\"Dr Moureaux\",\"description\":\"Dermatologue et v\u00e9n\u00e9rologue \u00e0 Vannes\",\"potentialAction\":[{\"@type\":\"SearchAction\",\"target\":{\"@type\":\"EntryPoint\",\"urlTemplate\":\"https:\/\/www.dr-moureaux.com\/?s={search_term_string}\"},\"query-input\":\"required name=search_term_string\"}],\"inLanguage\":\"en-US\"},{\"@type\":\"ImageObject\",\"@id\":\"https:\/\/www.dr-moureaux.com\/index.php\/acceuil\/traitements-anti-age__trashed\/le-botox\/#primaryimage\",\"inLanguage\":\"en-US\",\"url\":\"https:\/\/www.dr-moureaux.com\/wp-content\/uploads\/2022\/01\/botox-une-1.png\",\"contentUrl\":\"https:\/\/www.dr-moureaux.com\/wp-content\/uploads\/2022\/01\/botox-une-1.png\",\"width\":930,\"height\":320},{\"@type\":\"WebPage\",\"@id\":\"https:\/\/www.dr-moureaux.com\/index.php\/acceuil\/traitements-anti-age__trashed\/le-botox\/#webpage\",\"url\":\"https:\/\/www.dr-moureaux.com\/index.php\/acceuil\/traitements-anti-age__trashed\/le-botox\/\",\"name\":\"Le Botox - Dr Moureaux\",\"isPartOf\":{\"@id\":\"https:\/\/www.dr-moureaux.com\/#website\"},\"primaryImageOfPage\":{\"@id\":\"https:\/\/www.dr-moureaux.com\/index.php\/acceuil\/traitements-anti-age__trashed\/le-botox\/#primaryimage\"},\"datePublished\":\"2022-01-27T14:20:58+00:00\",\"dateModified\":\"2022-01-27T16:31:52+00:00\",\"description\":\"La toxine botulique appel\u00e9e commun\u00e9ment Botox est une substance qui diminue la contraction des muscles. Elle est utilis\u00e9e depuis plus de 30 ans. Les indications de la toxine botulique en esth\u00e9tique concernent les rides inter sourcili\u00e8res, les rides du front et les rides de la patte d\u2019oie.\",\"breadcrumb\":{\"@id\":\"https:\/\/www.dr-moureaux.com\/index.php\/acceuil\/traitements-anti-age__trashed\/le-botox\/#breadcrumb\"},\"inLanguage\":\"en-US\",\"potentialAction\":[{\"@type\":\"ReadAction\",\"target\":[\"https:\/\/www.dr-moureaux.com\/index.php\/acceuil\/traitements-anti-age__trashed\/le-botox\/\"]}]},{\"@type\":\"BreadcrumbList\",\"@id\":\"https:\/\/www.dr-moureaux.com\/index.php\/acceuil\/traitements-anti-age__trashed\/le-botox\/#breadcrumb\",\"itemListElement\":[{\"@type\":\"ListItem\",\"position\":1,\"name\":\"Accueil\",\"item\":\"https:\/\/www.dr-moureaux.com\/\"},{\"@type\":\"ListItem\",\"position\":2,\"name\":\"Acceuil\",\"item\":\"https:\/\/www.dr-moureaux.com\/\"},{\"@type\":\"ListItem\",\"position\":3,\"name\":\"Le Botox\"}]}]}<\/script>\n<!-- \/ Yoast SEO plugin. -->","yoast_head_json":{"title":"Le Botox - Dr Moureaux","description":"La toxine botulique appel\u00e9e commun\u00e9ment Botox est une substance qui diminue la contraction des muscles. Elle est utilis\u00e9e depuis plus de 30 ans. Les indications de la toxine botulique en esth\u00e9tique concernent les rides inter sourcili\u00e8res, les rides du front et les rides de la patte d\u2019oie.","robots":{"index":"index","follow":"follow","max-snippet":"max-snippet:-1","max-image-preview":"max-image-preview:large","max-video-preview":"max-video-preview:-1"},"canonical":"https:\/\/www.dr-moureaux.com\/index.php\/acceuil\/traitements-anti-age__trashed\/le-botox\/","og_locale":"en_US","og_type":"article","og_title":"Le Botox - Dr Moureaux","og_description":"La toxine botulique appel\u00e9e commun\u00e9ment Botox est une substance qui diminue la contraction des muscles. Elle est utilis\u00e9e depuis plus de 30 ans. Les indications de la toxine botulique en esth\u00e9tique concernent les rides inter sourcili\u00e8res, les rides du front et les rides de la patte d\u2019oie.","og_url":"https:\/\/www.dr-moureaux.com\/index.php\/acceuil\/traitements-anti-age__trashed\/le-botox\/","og_site_name":"Dr Moureaux","article_modified_time":"2022-01-27T16:31:52+00:00","og_image":[{"url":"https:\/\/www.dr-moureaux.com\/wp-content\/uploads\/2022\/01\/botox-une-1.png"}],"twitter_card":"summary_large_image","twitter_misc":{"Est. reading time":"2 minutes"},"schema":{"@context":"https:\/\/schema.org","@graph":[{"@type":"WebSite","@id":"https:\/\/www.dr-moureaux.com\/#website","url":"https:\/\/www.dr-moureaux.com\/","name":"Dr Moureaux","description":"Dermatologue et v\u00e9n\u00e9rologue \u00e0 Vannes","potentialAction":[{"@type":"SearchAction","target":{"@type":"EntryPoint","urlTemplate":"https:\/\/www.dr-moureaux.com\/?s={search_term_string}"},"query-input":"required name=search_term_string"}],"inLanguage":"en-US"},{"@type":"ImageObject","@id":"https:\/\/www.dr-moureaux.com\/index.php\/acceuil\/traitements-anti-age__trashed\/le-botox\/#primaryimage","inLanguage":"en-US","url":"https:\/\/www.dr-moureaux.com\/wp-content\/uploads\/2022\/01\/botox-une-1.png","contentUrl":"https:\/\/www.dr-moureaux.com\/wp-content\/uploads\/2022\/01\/botox-une-1.png","width":930,"height":320},{"@type":"WebPage","@id":"https:\/\/www.dr-moureaux.com\/index.php\/acceuil\/traitements-anti-age__trashed\/le-botox\/#webpage","url":"https:\/\/www.dr-moureaux.com\/index.php\/acceuil\/traitements-anti-age__trashed\/le-botox\/","name":"Le Botox - Dr Moureaux","isPartOf":{"@id":"https:\/\/www.dr-moureaux.com\/#website"},"primaryImageOfPage":{"@id":"https:\/\/www.dr-moureaux.com\/index.php\/acceuil\/traitements-anti-age__trashed\/le-botox\/#primaryimage"},"datePublished":"2022-01-27T14:20:58+00:00","dateModified":"2022-01-27T16:31:52+00:00","description":"La toxine botulique appel\u00e9e commun\u00e9ment Botox est une substance qui diminue la contraction des muscles. Elle est utilis\u00e9e depuis plus de 30 ans. Les indications de la toxine botulique en esth\u00e9tique concernent les rides inter sourcili\u00e8res, les rides du front et les rides de la patte d\u2019oie.","breadcrumb":{"@id":"https:\/\/www.dr-moureaux.com\/index.php\/acceuil\/traitements-anti-age__trashed\/le-botox\/#breadcrumb"},"inLanguage":"en-US","potentialAction":[{"@type":"ReadAction","target":["https:\/\/www.dr-moureaux.com\/index.php\/acceuil\/traitements-anti-age__trashed\/le-botox\/"]}]},{"@type":"BreadcrumbList","@id":"https:\/\/www.dr-moureaux.com\/index.php\/acceuil\/traitements-anti-age__trashed\/le-botox\/#breadcrumb","itemListElement":[{"@type":"ListItem","position":1,"name":"Accueil","item":"https:\/\/www.dr-moureaux.com\/"},{"@type":"ListItem","position":2,"name":"Acceuil","item":"https:\/\/www.dr-moureaux.com\/"},{"@type":"ListItem","position":3,"name":"Le Botox"}]}]}},"_links":{"self":[{"href":"https:\/\/www.dr-moureaux.com\/index.php\/wp-json\/wp\/v2\/pages\/726","targetHints":{"allow":["GET"]}}],"collection":[{"href":"https:\/\/www.dr-moureaux.com\/index.php\/wp-json\/wp\/v2\/pages"}],"about":[{"href":"https:\/\/www.dr-moureaux.com\/index.php\/wp-json\/wp\/v2\/types\/page"}],"author":[{"embeddable":true,"href":"https:\/\/www.dr-moureaux.com\/index.php\/wp-json\/wp\/v2\/users\/1"}],"replies":[{"embeddable":true,"href":"https:\/\/www.dr-moureaux.com\/index.php\/wp-json\/wp\/v2\/comments?post=726"}],"version-history":[{"count":17,"href":"https:\/\/www.dr-moureaux.com\/index.php\/wp-json\/wp\/v2\/pages\/726\/revisions"}],"predecessor-version":[{"id":1030,"href":"https:\/\/www.dr-moureaux.com\/index.php\/wp-json\/wp\/v2\/pages\/726\/revisions\/1030"}],"up":[{"embeddable":true,"href":"https:\/\/www.dr-moureaux.com\/index.php\/wp-json\/wp\/v2\/pages\/26"}],"wp:attachment":[{"href":"https:\/\/www.dr-moureaux.com\/index.php\/wp-json\/wp\/v2\/media?parent=726"}],"curies":[{"name":"wp","href":"https:\/\/api.w.org\/{rel}","templated":true}]}}