{"id":768,"date":"2022-01-27T15:38:41","date_gmt":"2022-01-27T14:38:41","guid":{"rendered":"http:\/\/www.dr-moureaux.com\/?page_id=768"},"modified":"2022-01-27T17:31:53","modified_gmt":"2022-01-27T16:31:53","slug":"les-peelings","status":"publish","type":"page","link":"https:\/\/www.dr-moureaux.com\/index.php\/acceuil\/les-peelings\/","title":{"rendered":"Les Peelings"},"content":{"rendered":"\t\t<div data-elementor-type=\"wp-page\" data-elementor-id=\"768\" class=\"elementor elementor-768\" data-elementor-settings=\"[]\">\n\t\t\t\t\t\t\t<div class=\"elementor-section-wrap\">\n\t\t\t\t\t\t\t<section class=\"elementor-section elementor-top-section elementor-element elementor-element-86b7615 elementor-section-boxed elementor-section-height-default elementor-section-height-default\" data-id=\"86b7615\" data-element_type=\"section\" data-settings=\"{&quot;_ha_eqh_enable&quot;:false}\">\n\t\t\t\t\t\t<div class=\"elementor-container elementor-column-gap-default\">\n\t\t\t\t\t<div class=\"elementor-column elementor-col-100 elementor-top-column elementor-element elementor-element-e52566c\" data-id=\"e52566c\" data-element_type=\"column\">\n\t\t\t<div class=\"elementor-widget-wrap elementor-element-populated\">\n\t\t\t\t\t\t\t\t<div class=\"elementor-element elementor-element-d3f1bdc elementor-widget elementor-widget-spacer\" data-id=\"d3f1bdc\" data-element_type=\"widget\" data-widget_type=\"spacer.default\">\n\t\t\t\t<div class=\"elementor-widget-container\">\n\t\t\t\t\t<div class=\"elementor-spacer\">\n\t\t\t<div class=\"elementor-spacer-inner\"><\/div>\n\t\t<\/div>\n\t\t\t\t<\/div>\n\t\t\t\t<\/div>\n\t\t\t\t<div class=\"elementor-element elementor-element-06b6a5f elementor-widget elementor-widget-heading\" data-id=\"06b6a5f\" data-element_type=\"widget\" data-widget_type=\"heading.default\">\n\t\t\t\t<div class=\"elementor-widget-container\">\n\t\t\t<style>\/*! elementor - v3.5.4 - 23-01-2022 *\/\n.elementor-heading-title{padding:0;margin:0;line-height:1}.elementor-widget-heading .elementor-heading-title[class*=elementor-size-]>a{color:inherit;font-size:inherit;line-height:inherit}.elementor-widget-heading .elementor-heading-title.elementor-size-small{font-size:15px}.elementor-widget-heading .elementor-heading-title.elementor-size-medium{font-size:19px}.elementor-widget-heading .elementor-heading-title.elementor-size-large{font-size:29px}.elementor-widget-heading .elementor-heading-title.elementor-size-xl{font-size:39px}.elementor-widget-heading .elementor-heading-title.elementor-size-xxl{font-size:59px}<\/style><h3 class=\"elementor-heading-title elementor-size-default\">Les Peelings | Dr Moureaux Vannes<\/h3>\t\t<\/div>\n\t\t\t\t<\/div>\n\t\t\t\t<div class=\"elementor-element elementor-element-05e3d0e elementor-widget elementor-widget-image\" data-id=\"05e3d0e\" data-element_type=\"widget\" data-widget_type=\"image.default\">\n\t\t\t\t<div class=\"elementor-widget-container\">\n\t\t\t<style>\/*! elementor - v3.5.4 - 23-01-2022 *\/\n.elementor-widget-image{text-align:center}.elementor-widget-image a{display:inline-block}.elementor-widget-image a img[src$=\".svg\"]{width:48px}.elementor-widget-image img{vertical-align:middle;display:inline-block}<\/style>\t\t\t\t\t\t\t\t\t\t\t\t<img loading=\"lazy\" decoding=\"async\" width=\"640\" height=\"220\" src=\"https:\/\/www.dr-moureaux.com\/wp-content\/uploads\/2022\/01\/peeling-une.png\" class=\"attachment-large size-large\" alt=\"\" srcset=\"https:\/\/www.dr-moureaux.com\/wp-content\/uploads\/2022\/01\/peeling-une.png 930w, https:\/\/www.dr-moureaux.com\/wp-content\/uploads\/2022\/01\/peeling-une-300x103.png 300w, https:\/\/www.dr-moureaux.com\/wp-content\/uploads\/2022\/01\/peeling-une-768x264.png 768w\" sizes=\"auto, (max-width: 34.9rem) calc(100vw - 2rem), (max-width: 53rem) calc(8 * (100vw \/ 12)), (min-width: 53rem) calc(6 * (100vw \/ 12)), 100vw\" \/>\t\t\t\t\t\t\t\t\t\t\t\t\t\t\t<\/div>\n\t\t\t\t<\/div>\n\t\t\t\t<div class=\"elementor-element elementor-element-4f91fc3 elementor-widget elementor-widget-heading\" data-id=\"4f91fc3\" data-element_type=\"widget\" data-widget_type=\"heading.default\">\n\t\t\t\t<div class=\"elementor-widget-container\">\n\t\t\t<h4 class=\"elementor-heading-title elementor-size-default\">Une technique r\u00e9volutionnaire\n\n<\/h4>\t\t<\/div>\n\t\t\t\t<\/div>\n\t\t\t\t<div class=\"elementor-element elementor-element-bbccce7 elementor-widget elementor-widget-text-editor\" data-id=\"bbccce7\" data-element_type=\"widget\" data-widget_type=\"text-editor.default\">\n\t\t\t\t<div class=\"elementor-widget-container\">\n\t\t\t<style>\/*! elementor - v3.5.4 - 23-01-2022 *\/\n.elementor-widget-text-editor.elementor-drop-cap-view-stacked .elementor-drop-cap{background-color:#818a91;color:#fff}.elementor-widget-text-editor.elementor-drop-cap-view-framed .elementor-drop-cap{color:#818a91;border:3px solid;background-color:transparent}.elementor-widget-text-editor:not(.elementor-drop-cap-view-default) .elementor-drop-cap{margin-top:8px}.elementor-widget-text-editor:not(.elementor-drop-cap-view-default) .elementor-drop-cap-letter{width:1em;height:1em}.elementor-widget-text-editor .elementor-drop-cap{float:left;text-align:center;line-height:1;font-size:50px}.elementor-widget-text-editor .elementor-drop-cap-letter{display:inline-block}<\/style>\t\t\t\t<p>Les peelings dermatologiques repr\u00e9sentent un vaste panel de techniques r\u00e9alis\u00e9es par le dermatologue au sein de son cabinet pour stimuler de fa\u00e7on naturelle l\u2019exfoliation des cellules cutan\u00e9es en utilisant des solutions chimiques adapt\u00e9es. Le but est de stimuler les cellules souches situ\u00e9es dans les couches plus profondes afin d\u2019optimiser l\u2019effet anti-\u00e2ging ou anti-photo vieillissement en exprimant une peau plus \u00e9clatante, plus lumineuse, moins terne, moins friper.<\/p><p>Deux m\u00e9thodes de peelings sont r\u00e9alis\u00e9es au cabinet, les peelings superficiels et les peelings moyens.<\/p>\t\t\t\t\t\t<\/div>\n\t\t\t\t<\/div>\n\t\t\t\t<div class=\"elementor-element elementor-element-0d0e8fc elementor-widget elementor-widget-heading\" data-id=\"0d0e8fc\" data-element_type=\"widget\" data-widget_type=\"heading.default\">\n\t\t\t\t<div class=\"elementor-widget-container\">\n\t\t\t<h4 class=\"elementor-heading-title elementor-size-default\">Le Peeling Superficiel\n\n<\/h4>\t\t<\/div>\n\t\t\t\t<\/div>\n\t\t\t\t<div class=\"elementor-element elementor-element-79ad4cf elementor-widget elementor-widget-text-editor\" data-id=\"79ad4cf\" data-element_type=\"widget\" data-widget_type=\"text-editor.default\">\n\t\t\t\t<div class=\"elementor-widget-container\">\n\t\t\t\t\t\t\t<p>C\u2019est une technique douce rapide, reproductible, vous permettant de reprendre vos activit\u00e9s imm\u00e9diatement, souvent il est appel\u00e9 le peeling du d\u00e9jeuner. Il am\u00e9liore le drap\u00e9 de la peau, plus douce au toucher, moins frip\u00e9e, moins t\u00e2ch\u00e9e avec un r\u00e9el coup d\u2019\u00e9clat. Il faut imp\u00e9rativement r\u00e9aliser un cycle de 4 s\u00e9ances de peelings superficiels avec un intervalle de trois \u00e0 quatre semaines et proc\u00e9der \u00e0 un peeling d\u2019entretien 1 \u00e0 2 fois par an permettant d\u2019optimiser le r\u00e9sultat initial, de p\u00e9renniser cet \u00e9clat lumineux et de freiner l\u2019impact du temps sur vos \u00e9pidermes.<\/p><p>Les indications \u00e0 ce type de peeling sont multiples :<\/p><ul><li>r\u00e9duire l\u2019effet du vieillissement cutan\u00e9, uniformisation et \u00e9claircissement du teint.<\/li><li>Gommer les t\u00e2ches pigmentaires d\u00e9clench\u00e9es par les expositions solaires r\u00e9p\u00e9t\u00e9es ou bien les pigmentations post-grossesse.<\/li><li>L\u2019acn\u00e9 et les cicatrices post-acn\u00e9iques.<\/li><li>Resserrement des pores par sebo-r\u00e9gulation.<\/li><li>Att\u00e9nuer les effets du tabac sur la peau.<\/li><\/ul><p>Un certain nombre de substances chimiques vont \u00eatre utilis\u00e9es. Au cabinet, nous privil\u00e9gions les peelings superficiels \u00e0 :<\/p><ul><li>aAcide glycolique.<\/li><li>Acide phytique.<\/li><li>Acide kojique.<\/li><li>Acide salycilique.<\/li><li>Acide lactique.<\/li><li>Acide mand\u00e9lique.<\/li><\/ul><p>Le peeling \u00e0 l\u2019acide mand\u00e9lique, plus r\u00e9cent dans notre pratique, issu de l\u2019amande est r\u00e9alisable sur des peaux sensibles, r\u00e9actives, couperosiques et repr\u00e9sentent une bonne alternative par rapport aux autres substances.<\/p><p>Les peelings superficiels sont toujours optimis\u00e9s par la bonne compr\u00e9hension des m\u00e9canismes du photovieillissement, \u00e0 savoir r\u00e9alisation d\u2019une photoprotection syst\u00e9matique de mi-mars \u00e0 mi-octobre en Bretagne Sud en appliquant l\u2019\u00e9cran solaire toutes les 2 heures y compris dans les situations d\u2019exposition solaire na\u00efve o\u00f9 la consommation solaire est sous-estim\u00e9e.<\/p><p>Application de dermatoceutiques o\u00f9 cosm\u00e9tiques actifs matin et soir en continu et en pr\u00e9-peeling.<\/p><p>L\u2019id\u00e9al est de combiner les techniques et dans le cas particulier ajouter des s\u00e9ances de\u00a0<a href=\"http:\/\/www.dr-moureaux.fr\/la-photomodulation-par-led\/\">photomodulation sous la forme de LED<\/a>\u00a0optimisant les r\u00e9sultats des peelings superficiels.<\/p>\t\t\t\t\t\t<\/div>\n\t\t\t\t<\/div>\n\t\t\t\t<div class=\"elementor-element elementor-element-b145282 elementor-widget elementor-widget-heading\" data-id=\"b145282\" data-element_type=\"widget\" data-widget_type=\"heading.default\">\n\t\t\t\t<div class=\"elementor-widget-container\">\n\t\t\t<h4 class=\"elementor-heading-title elementor-size-default\">Le Peeling Moyen\n\n<\/h4>\t\t<\/div>\n\t\t\t\t<\/div>\n\t\t\t\t<div class=\"elementor-element elementor-element-092b45a elementor-widget elementor-widget-text-editor\" data-id=\"092b45a\" data-element_type=\"widget\" data-widget_type=\"text-editor.default\">\n\t\t\t\t<div class=\"elementor-widget-container\">\n\t\t\t\t\t\t\t<p>Ce peeling est r\u00e9alis\u00e9 avec l\u2019acide trichlorac\u00e9tique et est indiqu\u00e9 pour le photo vieillissement plus exprim\u00e9. Ce peeling impose souvent une \u00e9viction sociale de 2 \u00e0 3 jours en moyenne ou pas.<\/p><p>Il impose une pr\u00e9paration et une photoprotection syst\u00e9matique en soins post-peeling avec les m\u00eames recommandations que le peeling superficiel. L\u2019id\u00e9al est \u00e9galement de combiner ce soin avec d\u2019autres techniques.<\/p><p>Il faut le reproduire une fois par an.<\/p>\t\t\t\t\t\t<\/div>\n\t\t\t\t<\/div>\n\t\t\t\t<div class=\"elementor-element elementor-element-71888ac elementor-widget elementor-widget-heading\" data-id=\"71888ac\" data-element_type=\"widget\" data-widget_type=\"heading.default\">\n\t\t\t\t<div class=\"elementor-widget-container\">\n\t\t\t<h4 class=\"elementor-heading-title elementor-size-default\">Le Peeling D\u00e9pigmentant\n\n<\/h4>\t\t<\/div>\n\t\t\t\t<\/div>\n\t\t\t\t<div class=\"elementor-element elementor-element-235b691 elementor-widget elementor-widget-text-editor\" data-id=\"235b691\" data-element_type=\"widget\" data-widget_type=\"text-editor.default\">\n\t\t\t\t<div class=\"elementor-widget-container\">\n\t\t\t\t\t\t\t<p>Il est indiqu\u00e9 pour les pigmentations du visage survenues sur des peaux tr\u00e8s r\u00e9actives \u00e0 la moindre exposition solaire, soit apr\u00e8s une grossesse ou en post inflammatoire.<\/p><p>C\u2019est un peeling moyen, nous utilisons le\u00a0<em>Melapeel<\/em>, ou le\u00a0<em>Yellowpeel<\/em>\u00a0bien tol\u00e9r\u00e9, efficace et sans \u00e9viction sociale. Il est r\u00e9alis\u00e9 en 1 cycle, parfois sur des formes plus r\u00e9sistantes un cycle N\u00b02 est souhaitable dans un d\u00e9lai de 1 mois.<\/p>\t\t\t\t\t\t<\/div>\n\t\t\t\t<\/div>\n\t\t\t\t<div class=\"elementor-element elementor-element-bb849b0 elementor-widget elementor-widget-spacer\" data-id=\"bb849b0\" data-element_type=\"widget\" data-widget_type=\"spacer.default\">\n\t\t\t\t<div class=\"elementor-widget-container\">\n\t\t\t\t\t<div class=\"elementor-spacer\">\n\t\t\t<div class=\"elementor-spacer-inner\"><\/div>\n\t\t<\/div>\n\t\t\t\t<\/div>\n\t\t\t\t<\/div>\n\t\t\t\t\t<\/div>\n\t\t<\/div>\n\t\t\t\t\t\t\t<\/div>\n\t\t<\/section>\n\t\t\t\t\t\t<\/div>\n\t\t\t\t\t<\/div>\n\t\t","protected":false},"excerpt":{"rendered":"<p>Les Peelings | Dr Moureaux Vannes Une technique r\u00e9volutionnaire Les peelings dermatologiques repr\u00e9sentent un vaste panel de techniques r\u00e9alis\u00e9es par le dermatologue au sein de son cabinet pour stimuler de fa\u00e7on naturelle l\u2019exfoliation des cellules cutan\u00e9es en utilisant des solutions chimiques adapt\u00e9es. Le but est de stimuler les cellules souches situ\u00e9es dans les couches plus &hellip; <\/p>\n<p class=\"link-more\"><a href=\"https:\/\/www.dr-moureaux.com\/index.php\/acceuil\/les-peelings\/\" class=\"more-link\">Continue reading<span class=\"screen-reader-text\"> &#8220;Les Peelings&#8221;<\/span><\/a><\/p>\n","protected":false},"author":1,"featured_media":0,"parent":26,"menu_order":0,"comment_status":"closed","ping_status":"closed","template":"elementor_header_footer","meta":{"footnotes":""},"class_list":["post-768","page","type-page","status-publish","hentry","entry"],"yoast_head":"<!-- This site is optimized with the Yoast SEO plugin v18.0 - https:\/\/yoast.com\/wordpress\/plugins\/seo\/ -->\n<title>Les Peelings - Dr Moureaux<\/title>\n<meta name=\"description\" content=\"Les peelings dermatologiques repr\u00e9sentent un vaste panel de techniques r\u00e9alis\u00e9es par le dermatologue au sein de son cabinet pour stimuler de fa\u00e7on naturelle l\u2019exfoliation des cellules cutan\u00e9es en utilisant des solutions chimiques adapt\u00e9es. Le but est de stimuler les cellules souches situ\u00e9es dans les couches plus profondes afin d\u2019optimiser l\u2019effet anti-\u00e2ging ou anti-photo vieillissement en exprimant une peau plus \u00e9clatante, plus lumineuse, moins terne, moins friper.\" \/>\n<meta name=\"robots\" content=\"index, follow, max-snippet:-1, max-image-preview:large, max-video-preview:-1\" \/>\n<link rel=\"canonical\" href=\"https:\/\/www.dr-moureaux.com\/index.php\/acceuil\/traitements-anti-age__trashed\/les-peelings\/\" \/>\n<meta property=\"og:locale\" content=\"en_US\" \/>\n<meta property=\"og:type\" content=\"article\" \/>\n<meta property=\"og:title\" content=\"Les Peelings - Dr Moureaux\" \/>\n<meta property=\"og:description\" content=\"Les peelings dermatologiques repr\u00e9sentent un vaste panel de techniques r\u00e9alis\u00e9es par le dermatologue au sein de son cabinet pour stimuler de fa\u00e7on naturelle l\u2019exfoliation des cellules cutan\u00e9es en utilisant des solutions chimiques adapt\u00e9es. Le but est de stimuler les cellules souches situ\u00e9es dans les couches plus profondes afin d\u2019optimiser l\u2019effet anti-\u00e2ging ou anti-photo vieillissement en exprimant une peau plus \u00e9clatante, plus lumineuse, moins terne, moins friper.\" \/>\n<meta property=\"og:url\" content=\"https:\/\/www.dr-moureaux.com\/index.php\/acceuil\/traitements-anti-age__trashed\/les-peelings\/\" \/>\n<meta property=\"og:site_name\" content=\"Dr Moureaux\" \/>\n<meta property=\"article:modified_time\" content=\"2022-01-27T16:31:53+00:00\" \/>\n<meta property=\"og:image\" content=\"https:\/\/www.dr-moureaux.com\/wp-content\/uploads\/2022\/01\/peeling-une.png\" \/>\n<meta name=\"twitter:card\" content=\"summary_large_image\" \/>\n<meta name=\"twitter:label1\" content=\"Est. reading time\" \/>\n\t<meta name=\"twitter:data1\" content=\"3 minutes\" \/>\n<script type=\"application\/ld+json\" class=\"yoast-schema-graph\">{\"@context\":\"https:\/\/schema.org\",\"@graph\":[{\"@type\":\"WebSite\",\"@id\":\"https:\/\/www.dr-moureaux.com\/#website\",\"url\":\"https:\/\/www.dr-moureaux.com\/\",\"name\":\"Dr Moureaux\",\"description\":\"Dermatologue et v\u00e9n\u00e9rologue \u00e0 Vannes\",\"potentialAction\":[{\"@type\":\"SearchAction\",\"target\":{\"@type\":\"EntryPoint\",\"urlTemplate\":\"https:\/\/www.dr-moureaux.com\/?s={search_term_string}\"},\"query-input\":\"required name=search_term_string\"}],\"inLanguage\":\"en-US\"},{\"@type\":\"ImageObject\",\"@id\":\"https:\/\/www.dr-moureaux.com\/index.php\/acceuil\/traitements-anti-age__trashed\/les-peelings\/#primaryimage\",\"inLanguage\":\"en-US\",\"url\":\"https:\/\/www.dr-moureaux.com\/wp-content\/uploads\/2022\/01\/peeling-une.png\",\"contentUrl\":\"https:\/\/www.dr-moureaux.com\/wp-content\/uploads\/2022\/01\/peeling-une.png\",\"width\":930,\"height\":320},{\"@type\":\"WebPage\",\"@id\":\"https:\/\/www.dr-moureaux.com\/index.php\/acceuil\/traitements-anti-age__trashed\/les-peelings\/#webpage\",\"url\":\"https:\/\/www.dr-moureaux.com\/index.php\/acceuil\/traitements-anti-age__trashed\/les-peelings\/\",\"name\":\"Les Peelings - Dr Moureaux\",\"isPartOf\":{\"@id\":\"https:\/\/www.dr-moureaux.com\/#website\"},\"primaryImageOfPage\":{\"@id\":\"https:\/\/www.dr-moureaux.com\/index.php\/acceuil\/traitements-anti-age__trashed\/les-peelings\/#primaryimage\"},\"datePublished\":\"2022-01-27T14:38:41+00:00\",\"dateModified\":\"2022-01-27T16:31:53+00:00\",\"description\":\"Les peelings dermatologiques repr\u00e9sentent un vaste panel de techniques r\u00e9alis\u00e9es par le dermatologue au sein de son cabinet pour stimuler de fa\u00e7on naturelle l\u2019exfoliation des cellules cutan\u00e9es en utilisant des solutions chimiques adapt\u00e9es. Le but est de stimuler les cellules souches situ\u00e9es dans les couches plus profondes afin d\u2019optimiser l\u2019effet anti-\u00e2ging ou anti-photo vieillissement en exprimant une peau plus \u00e9clatante, plus lumineuse, moins terne, moins friper.\",\"breadcrumb\":{\"@id\":\"https:\/\/www.dr-moureaux.com\/index.php\/acceuil\/traitements-anti-age__trashed\/les-peelings\/#breadcrumb\"},\"inLanguage\":\"en-US\",\"potentialAction\":[{\"@type\":\"ReadAction\",\"target\":[\"https:\/\/www.dr-moureaux.com\/index.php\/acceuil\/traitements-anti-age__trashed\/les-peelings\/\"]}]},{\"@type\":\"BreadcrumbList\",\"@id\":\"https:\/\/www.dr-moureaux.com\/index.php\/acceuil\/traitements-anti-age__trashed\/les-peelings\/#breadcrumb\",\"itemListElement\":[{\"@type\":\"ListItem\",\"position\":1,\"name\":\"Accueil\",\"item\":\"https:\/\/www.dr-moureaux.com\/\"},{\"@type\":\"ListItem\",\"position\":2,\"name\":\"Acceuil\",\"item\":\"https:\/\/www.dr-moureaux.com\/\"},{\"@type\":\"ListItem\",\"position\":3,\"name\":\"Les Peelings\"}]}]}<\/script>\n<!-- \/ Yoast SEO plugin. -->","yoast_head_json":{"title":"Les Peelings - Dr Moureaux","description":"Les peelings dermatologiques repr\u00e9sentent un vaste panel de techniques r\u00e9alis\u00e9es par le dermatologue au sein de son cabinet pour stimuler de fa\u00e7on naturelle l\u2019exfoliation des cellules cutan\u00e9es en utilisant des solutions chimiques adapt\u00e9es. Le but est de stimuler les cellules souches situ\u00e9es dans les couches plus profondes afin d\u2019optimiser l\u2019effet anti-\u00e2ging ou anti-photo vieillissement en exprimant une peau plus \u00e9clatante, plus lumineuse, moins terne, moins friper.","robots":{"index":"index","follow":"follow","max-snippet":"max-snippet:-1","max-image-preview":"max-image-preview:large","max-video-preview":"max-video-preview:-1"},"canonical":"https:\/\/www.dr-moureaux.com\/index.php\/acceuil\/traitements-anti-age__trashed\/les-peelings\/","og_locale":"en_US","og_type":"article","og_title":"Les Peelings - Dr Moureaux","og_description":"Les peelings dermatologiques repr\u00e9sentent un vaste panel de techniques r\u00e9alis\u00e9es par le dermatologue au sein de son cabinet pour stimuler de fa\u00e7on naturelle l\u2019exfoliation des cellules cutan\u00e9es en utilisant des solutions chimiques adapt\u00e9es. Le but est de stimuler les cellules souches situ\u00e9es dans les couches plus profondes afin d\u2019optimiser l\u2019effet anti-\u00e2ging ou anti-photo vieillissement en exprimant une peau plus \u00e9clatante, plus lumineuse, moins terne, moins friper.","og_url":"https:\/\/www.dr-moureaux.com\/index.php\/acceuil\/traitements-anti-age__trashed\/les-peelings\/","og_site_name":"Dr Moureaux","article_modified_time":"2022-01-27T16:31:53+00:00","og_image":[{"url":"https:\/\/www.dr-moureaux.com\/wp-content\/uploads\/2022\/01\/peeling-une.png"}],"twitter_card":"summary_large_image","twitter_misc":{"Est. reading time":"3 minutes"},"schema":{"@context":"https:\/\/schema.org","@graph":[{"@type":"WebSite","@id":"https:\/\/www.dr-moureaux.com\/#website","url":"https:\/\/www.dr-moureaux.com\/","name":"Dr Moureaux","description":"Dermatologue et v\u00e9n\u00e9rologue \u00e0 Vannes","potentialAction":[{"@type":"SearchAction","target":{"@type":"EntryPoint","urlTemplate":"https:\/\/www.dr-moureaux.com\/?s={search_term_string}"},"query-input":"required name=search_term_string"}],"inLanguage":"en-US"},{"@type":"ImageObject","@id":"https:\/\/www.dr-moureaux.com\/index.php\/acceuil\/traitements-anti-age__trashed\/les-peelings\/#primaryimage","inLanguage":"en-US","url":"https:\/\/www.dr-moureaux.com\/wp-content\/uploads\/2022\/01\/peeling-une.png","contentUrl":"https:\/\/www.dr-moureaux.com\/wp-content\/uploads\/2022\/01\/peeling-une.png","width":930,"height":320},{"@type":"WebPage","@id":"https:\/\/www.dr-moureaux.com\/index.php\/acceuil\/traitements-anti-age__trashed\/les-peelings\/#webpage","url":"https:\/\/www.dr-moureaux.com\/index.php\/acceuil\/traitements-anti-age__trashed\/les-peelings\/","name":"Les Peelings - Dr Moureaux","isPartOf":{"@id":"https:\/\/www.dr-moureaux.com\/#website"},"primaryImageOfPage":{"@id":"https:\/\/www.dr-moureaux.com\/index.php\/acceuil\/traitements-anti-age__trashed\/les-peelings\/#primaryimage"},"datePublished":"2022-01-27T14:38:41+00:00","dateModified":"2022-01-27T16:31:53+00:00","description":"Les peelings dermatologiques repr\u00e9sentent un vaste panel de techniques r\u00e9alis\u00e9es par le dermatologue au sein de son cabinet pour stimuler de fa\u00e7on naturelle l\u2019exfoliation des cellules cutan\u00e9es en utilisant des solutions chimiques adapt\u00e9es. Le but est de stimuler les cellules souches situ\u00e9es dans les couches plus profondes afin d\u2019optimiser l\u2019effet anti-\u00e2ging ou anti-photo vieillissement en exprimant une peau plus \u00e9clatante, plus lumineuse, moins terne, moins friper.","breadcrumb":{"@id":"https:\/\/www.dr-moureaux.com\/index.php\/acceuil\/traitements-anti-age__trashed\/les-peelings\/#breadcrumb"},"inLanguage":"en-US","potentialAction":[{"@type":"ReadAction","target":["https:\/\/www.dr-moureaux.com\/index.php\/acceuil\/traitements-anti-age__trashed\/les-peelings\/"]}]},{"@type":"BreadcrumbList","@id":"https:\/\/www.dr-moureaux.com\/index.php\/acceuil\/traitements-anti-age__trashed\/les-peelings\/#breadcrumb","itemListElement":[{"@type":"ListItem","position":1,"name":"Accueil","item":"https:\/\/www.dr-moureaux.com\/"},{"@type":"ListItem","position":2,"name":"Acceuil","item":"https:\/\/www.dr-moureaux.com\/"},{"@type":"ListItem","position":3,"name":"Les Peelings"}]}]}},"_links":{"self":[{"href":"https:\/\/www.dr-moureaux.com\/index.php\/wp-json\/wp\/v2\/pages\/768","targetHints":{"allow":["GET"]}}],"collection":[{"href":"https:\/\/www.dr-moureaux.com\/index.php\/wp-json\/wp\/v2\/pages"}],"about":[{"href":"https:\/\/www.dr-moureaux.com\/index.php\/wp-json\/wp\/v2\/types\/page"}],"author":[{"embeddable":true,"href":"https:\/\/www.dr-moureaux.com\/index.php\/wp-json\/wp\/v2\/users\/1"}],"replies":[{"embeddable":true,"href":"https:\/\/www.dr-moureaux.com\/index.php\/wp-json\/wp\/v2\/comments?post=768"}],"version-history":[{"count":13,"href":"https:\/\/www.dr-moureaux.com\/index.php\/wp-json\/wp\/v2\/pages\/768\/revisions"}],"predecessor-version":[{"id":1033,"href":"https:\/\/www.dr-moureaux.com\/index.php\/wp-json\/wp\/v2\/pages\/768\/revisions\/1033"}],"up":[{"embeddable":true,"href":"https:\/\/www.dr-moureaux.com\/index.php\/wp-json\/wp\/v2\/pages\/26"}],"wp:attachment":[{"href":"https:\/\/www.dr-moureaux.com\/index.php\/wp-json\/wp\/v2\/media?parent=768"}],"curies":[{"name":"wp","href":"https:\/\/api.w.org\/{rel}","templated":true}]}}