{"id":774,"date":"2022-01-27T15:42:17","date_gmt":"2022-01-27T14:42:17","guid":{"rendered":"http:\/\/www.dr-moureaux.com\/?page_id=774"},"modified":"2022-01-27T17:31:55","modified_gmt":"2022-01-27T16:31:55","slug":"photomodulation-led","status":"publish","type":"page","link":"https:\/\/www.dr-moureaux.com\/index.php\/acceuil\/photomodulation-led\/","title":{"rendered":"Photomodulation Led"},"content":{"rendered":"\t\t<div data-elementor-type=\"wp-page\" data-elementor-id=\"774\" class=\"elementor elementor-774\" data-elementor-settings=\"[]\">\n\t\t\t\t\t\t\t<div class=\"elementor-section-wrap\">\n\t\t\t\t\t\t\t<section class=\"elementor-section elementor-top-section elementor-element elementor-element-86b7615 elementor-section-boxed elementor-section-height-default elementor-section-height-default\" data-id=\"86b7615\" data-element_type=\"section\" data-settings=\"{&quot;_ha_eqh_enable&quot;:false}\">\n\t\t\t\t\t\t<div class=\"elementor-container elementor-column-gap-default\">\n\t\t\t\t\t<div class=\"elementor-column elementor-col-100 elementor-top-column elementor-element elementor-element-e52566c\" data-id=\"e52566c\" data-element_type=\"column\">\n\t\t\t<div class=\"elementor-widget-wrap elementor-element-populated\">\n\t\t\t\t\t\t\t\t<div class=\"elementor-element elementor-element-d3f1bdc elementor-widget elementor-widget-spacer\" data-id=\"d3f1bdc\" data-element_type=\"widget\" data-widget_type=\"spacer.default\">\n\t\t\t\t<div class=\"elementor-widget-container\">\n\t\t\t\t\t<div class=\"elementor-spacer\">\n\t\t\t<div class=\"elementor-spacer-inner\"><\/div>\n\t\t<\/div>\n\t\t\t\t<\/div>\n\t\t\t\t<\/div>\n\t\t\t\t<div class=\"elementor-element elementor-element-06b6a5f elementor-widget elementor-widget-heading\" data-id=\"06b6a5f\" data-element_type=\"widget\" data-widget_type=\"heading.default\">\n\t\t\t\t<div class=\"elementor-widget-container\">\n\t\t\t<style>\/*! elementor - v3.5.4 - 23-01-2022 *\/\n.elementor-heading-title{padding:0;margin:0;line-height:1}.elementor-widget-heading .elementor-heading-title[class*=elementor-size-]>a{color:inherit;font-size:inherit;line-height:inherit}.elementor-widget-heading .elementor-heading-title.elementor-size-small{font-size:15px}.elementor-widget-heading .elementor-heading-title.elementor-size-medium{font-size:19px}.elementor-widget-heading .elementor-heading-title.elementor-size-large{font-size:29px}.elementor-widget-heading .elementor-heading-title.elementor-size-xl{font-size:39px}.elementor-widget-heading .elementor-heading-title.elementor-size-xxl{font-size:59px}<\/style><h3 class=\"elementor-heading-title elementor-size-default\">Le Traitement LED | Dr Moureaux Vannes<\/h3>\t\t<\/div>\n\t\t\t\t<\/div>\n\t\t\t\t<div class=\"elementor-element elementor-element-05e3d0e elementor-widget elementor-widget-image\" data-id=\"05e3d0e\" data-element_type=\"widget\" data-widget_type=\"image.default\">\n\t\t\t\t<div class=\"elementor-widget-container\">\n\t\t\t<style>\/*! elementor - v3.5.4 - 23-01-2022 *\/\n.elementor-widget-image{text-align:center}.elementor-widget-image a{display:inline-block}.elementor-widget-image a img[src$=\".svg\"]{width:48px}.elementor-widget-image img{vertical-align:middle;display:inline-block}<\/style>\t\t\t\t\t\t\t\t\t\t\t\t<img loading=\"lazy\" decoding=\"async\" width=\"640\" height=\"220\" src=\"https:\/\/www.dr-moureaux.com\/wp-content\/uploads\/2022\/01\/led-une.png\" class=\"attachment-large size-large\" alt=\"\" srcset=\"https:\/\/www.dr-moureaux.com\/wp-content\/uploads\/2022\/01\/led-une.png 930w, https:\/\/www.dr-moureaux.com\/wp-content\/uploads\/2022\/01\/led-une-300x103.png 300w, https:\/\/www.dr-moureaux.com\/wp-content\/uploads\/2022\/01\/led-une-768x264.png 768w\" sizes=\"auto, (max-width: 34.9rem) calc(100vw - 2rem), (max-width: 53rem) calc(8 * (100vw \/ 12)), (min-width: 53rem) calc(6 * (100vw \/ 12)), 100vw\" \/>\t\t\t\t\t\t\t\t\t\t\t\t\t\t\t<\/div>\n\t\t\t\t<\/div>\n\t\t\t\t<div class=\"elementor-element elementor-element-eca77b0 elementor-widget elementor-widget-heading\" data-id=\"eca77b0\" data-element_type=\"widget\" data-widget_type=\"heading.default\">\n\t\t\t\t<div class=\"elementor-widget-container\">\n\t\t\t<h3 class=\"elementor-heading-title elementor-size-default\">Le traitement LED au service de votre beaut\u00e9\n<\/h3>\t\t<\/div>\n\t\t\t\t<\/div>\n\t\t\t\t<div class=\"elementor-element elementor-element-bbccce7 elementor-widget elementor-widget-text-editor\" data-id=\"bbccce7\" data-element_type=\"widget\" data-widget_type=\"text-editor.default\">\n\t\t\t\t<div class=\"elementor-widget-container\">\n\t\t\t<style>\/*! elementor - v3.5.4 - 23-01-2022 *\/\n.elementor-widget-text-editor.elementor-drop-cap-view-stacked .elementor-drop-cap{background-color:#818a91;color:#fff}.elementor-widget-text-editor.elementor-drop-cap-view-framed .elementor-drop-cap{color:#818a91;border:3px solid;background-color:transparent}.elementor-widget-text-editor:not(.elementor-drop-cap-view-default) .elementor-drop-cap{margin-top:8px}.elementor-widget-text-editor:not(.elementor-drop-cap-view-default) .elementor-drop-cap-letter{width:1em;height:1em}.elementor-widget-text-editor .elementor-drop-cap{float:left;text-align:center;line-height:1;font-size:50px}.elementor-widget-text-editor .elementor-drop-cap-letter{display:inline-block}<\/style>\t\t\t\t<p><strong><em>\u00ab\u00a0Une technique naturelle sans effet secondaire\u00a0\u00bb<\/em>.<\/strong><\/p>\t\t\t\t\t\t<\/div>\n\t\t\t\t<\/div>\n\t\t\t\t<div class=\"elementor-element elementor-element-4f91fc3 elementor-widget elementor-widget-heading\" data-id=\"4f91fc3\" data-element_type=\"widget\" data-widget_type=\"heading.default\">\n\t\t\t\t<div class=\"elementor-widget-container\">\n\t\t\t<h4 class=\"elementor-heading-title elementor-size-default\">Th\u00e9rapie LED\n\n<\/h4>\t\t<\/div>\n\t\t\t\t<\/div>\n\t\t\t\t<div class=\"elementor-element elementor-element-08211ce elementor-widget elementor-widget-text-editor\" data-id=\"08211ce\" data-element_type=\"widget\" data-widget_type=\"text-editor.default\">\n\t\t\t\t<div class=\"elementor-widget-container\">\n\t\t\t\t\t\t\t<p class=\"p1-texte\">La photomodulation par LED (Light Emitting Diode), appel\u00e9e \u00e9galement th\u00e9rapie LED ou bio-photomodulation LED, est une lumi\u00e8re froide qui permet de r\u00e9hydrater et tonifier la peau en profondeur, de r\u00e9parer la peau l\u00e9s\u00e9e par le soleil, le laser, le tabac, les anomalies m\u00e9caniques \u00e9pidermiques : cicatrices et vergetures.<\/p><p class=\"p1-texte\">Elle permet de traiter de larges zones, ceci en toutes saisons : visage, cou, d\u00e9collet\u00e9, mains et m\u00eame corps entier.<\/p>\t\t\t\t\t\t<\/div>\n\t\t\t\t<\/div>\n\t\t\t\t<div class=\"elementor-element elementor-element-0d0e8fc elementor-widget elementor-widget-heading\" data-id=\"0d0e8fc\" data-element_type=\"widget\" data-widget_type=\"heading.default\">\n\t\t\t\t<div class=\"elementor-widget-container\">\n\t\t\t<h4 class=\"elementor-heading-title elementor-size-default\">Les indications de la LED\n\n<\/h4>\t\t<\/div>\n\t\t\t\t<\/div>\n\t\t\t\t<div class=\"elementor-element elementor-element-79ad4cf elementor-widget elementor-widget-text-editor\" data-id=\"79ad4cf\" data-element_type=\"widget\" data-widget_type=\"text-editor.default\">\n\t\t\t\t<div class=\"elementor-widget-container\">\n\t\t\t\t\t\t\t<ul><li><p class=\"p1-texte\">La Lampe LED est utilis\u00e9e pour les soins du visage :\u00a0<strong>hydratation, \u00e9clat du teint, resserrement des pores,\u00a0rel\u00e2chement cutan\u00e9.<\/strong><\/p><\/li><li><p class=\"p1-texte\">La lumi\u00e8re froide a des effets remarquables sur les processus de r\u00e9paration tissulaires:\u00a0<strong>cicatrices au stade pr\u00e9coce,\u00a0vergetures, br\u00fblures, coup de soleil\u2026<\/strong><\/p><\/li><li><p class=\"p1-texte\">La LED est un\u00a0<strong>compl\u00e9ment id\u00e9al\u00a0pour les autres techniques de m\u00e9decine esth\u00e9tique<\/strong>, tels que la toxine botulique, l\u2019acide hyaluronique, le laser et la lumi\u00e8re intense puls\u00e9e, les peelings, etc.<\/p><\/li><li><p class=\"p1-texte\"><strong>Id\u00e9ale \u00e9galement pour l\u2019hydratation de la peau en profondeur<\/strong>.\u00a0En effet, apr\u00e8s l\u2019application de masques hydratants et revitalisants, la lumi\u00e8re LED permet la p\u00e9n\u00e9tration des principes actifs.<\/p><\/li><\/ul>\t\t\t\t\t\t<\/div>\n\t\t\t\t<\/div>\n\t\t\t\t<div class=\"elementor-element elementor-element-b145282 elementor-widget elementor-widget-heading\" data-id=\"b145282\" data-element_type=\"widget\" data-widget_type=\"heading.default\">\n\t\t\t\t<div class=\"elementor-widget-container\">\n\t\t\t<h4 class=\"elementor-heading-title elementor-size-default\">Principes de fonctionnement du traitement LED\n\n<\/h4>\t\t<\/div>\n\t\t\t\t<\/div>\n\t\t\t\t<div class=\"elementor-element elementor-element-092b45a elementor-widget elementor-widget-text-editor\" data-id=\"092b45a\" data-element_type=\"widget\" data-widget_type=\"text-editor.default\">\n\t\t\t\t<div class=\"elementor-widget-container\">\n\t\t\t\t\t\t\t<p class=\"p1-texte\">La p\u00e9n\u00e9tration des rayons de lumi\u00e8re, \u00e9mis par la lampe LED, dans les diff\u00e9rentes couches de la peau, d\u00e9pend de leur longueur d\u2019onde c\u2019est-\u00e0-dire de leur couleur. Il existe 4 couleurs : rouge, bleu, jaune\u00a0et vert.\u00a0Selon la couleur choisie et son intensit\u00e9, la lumi\u00e8re p\u00e9n\u00e8tre la peau et agit directement sur les cellules en stimulant leurs activit\u00e9s de synth\u00e8se des fibres de collag\u00e8ne et d\u2019\u00e9lastine.<\/p><p class=\"p1-texte\">Les effets sont directement d\u00e9pendants de la couleur choisie et donc de la longueur d\u2019onde utilis\u00e9e :<\/p><ul><li class=\"p1-texte\"><strong>la lumi\u00e8re rouge<\/strong>\u00a0:\u00a0le rouge est la couleur visible qui p\u00e9n\u00e8tre le plus profond\u00e9ment dans la peau. Elle va stimuler\u00a0les fibroblastes de la peau et ainsi augmenter la production de collag\u00e8ne et d\u2019\u00e9lastine responsables de la fermet\u00e9 de la peau.<\/li><li class=\"p1-texte\"><strong>la lumi\u00e8re bleue<\/strong>\u00a0: s\u2019attaque aux bact\u00e9ries que l\u2019on retrouve dans les boutons d\u2019acn\u00e9.<\/li><li class=\"p1-texte\"><strong>la lumi\u00e8re jaune<\/strong>\u00a0: calme les rougeurs. Elle am\u00e9liore la circulation sanguine et lymphatique et a ainsi un effet drainant, anti-oed\u00e8me.<\/li><li class=\"p1-texte\"><strong>la lumi\u00e8re verte<\/strong> : agit sur l\u2019\u00e9clat du teint en att\u00e9nuant les taches pigmentaires.<\/li><\/ul>\t\t\t\t\t\t<\/div>\n\t\t\t\t<\/div>\n\t\t\t\t<div class=\"elementor-element elementor-element-71888ac elementor-widget elementor-widget-heading\" data-id=\"71888ac\" data-element_type=\"widget\" data-widget_type=\"heading.default\">\n\t\t\t\t<div class=\"elementor-widget-container\">\n\t\t\t<h4 class=\"elementor-heading-title elementor-size-default\">Les Indications\n\n<\/h4>\t\t<\/div>\n\t\t\t\t<\/div>\n\t\t\t\t<div class=\"elementor-element elementor-element-235b691 elementor-widget elementor-widget-text-editor\" data-id=\"235b691\" data-element_type=\"widget\" data-widget_type=\"text-editor.default\">\n\t\t\t\t<div class=\"elementor-widget-container\">\n\t\t\t\t\t\t\t<ul><li>Anti- \u00c2ging ou anti photovieillessemeent<\/li><li>R\u00e9parer les effets \u00e9pidermiques nocifs du tabac<\/li><li>En compl\u00e9ment des peelings<\/li><li>Cicatrices chirurgicales ou post-traumatiques r\u00e9centes<\/li><li>Vergetures post grossesse ou de croissance<\/li><li>Acn\u00e9 et cicatrices post-acn\u00e9iques<\/li><\/ul>\t\t\t\t\t\t<\/div>\n\t\t\t\t<\/div>\n\t\t\t\t<div class=\"elementor-element elementor-element-bb849b0 elementor-widget elementor-widget-spacer\" data-id=\"bb849b0\" data-element_type=\"widget\" data-widget_type=\"spacer.default\">\n\t\t\t\t<div class=\"elementor-widget-container\">\n\t\t\t\t\t<div class=\"elementor-spacer\">\n\t\t\t<div class=\"elementor-spacer-inner\"><\/div>\n\t\t<\/div>\n\t\t\t\t<\/div>\n\t\t\t\t<\/div>\n\t\t\t\t\t<\/div>\n\t\t<\/div>\n\t\t\t\t\t\t\t<\/div>\n\t\t<\/section>\n\t\t\t\t\t\t<\/div>\n\t\t\t\t\t<\/div>\n\t\t","protected":false},"excerpt":{"rendered":"<p>Le Traitement LED | Dr Moureaux Vannes Le traitement LED au service de votre beaut\u00e9 \u00ab\u00a0Une technique naturelle sans effet secondaire\u00a0\u00bb. Th\u00e9rapie LED La photomodulation par LED (Light Emitting Diode), appel\u00e9e \u00e9galement th\u00e9rapie LED ou bio-photomodulation LED, est une lumi\u00e8re froide qui permet de r\u00e9hydrater et tonifier la peau en profondeur, de r\u00e9parer la peau &hellip; <\/p>\n<p class=\"link-more\"><a href=\"https:\/\/www.dr-moureaux.com\/index.php\/acceuil\/photomodulation-led\/\" class=\"more-link\">Continue reading<span class=\"screen-reader-text\"> &#8220;Photomodulation Led&#8221;<\/span><\/a><\/p>\n","protected":false},"author":1,"featured_media":0,"parent":26,"menu_order":0,"comment_status":"closed","ping_status":"closed","template":"elementor_header_footer","meta":{"footnotes":""},"class_list":["post-774","page","type-page","status-publish","hentry","entry"],"yoast_head":"<!-- This site is optimized with the Yoast SEO plugin v18.0 - https:\/\/yoast.com\/wordpress\/plugins\/seo\/ -->\n<title>Photomodulation Led - Dr Moureaux<\/title>\n<meta name=\"description\" content=\"La photomodulation par LED (Light Emitting Diode), appel\u00e9e \u00e9galement th\u00e9rapie LED ou bio-photomodulation LED, est une lumi\u00e8re froide qui permet de r\u00e9hydrater et tonifier la peau en profondeur, de r\u00e9parer la peau l\u00e9s\u00e9e par le soleil, le laser, le tabac, les anomalies m\u00e9caniques \u00e9pidermiques : cicatrices et vergetures.\" \/>\n<meta name=\"robots\" content=\"index, follow, max-snippet:-1, max-image-preview:large, max-video-preview:-1\" \/>\n<link rel=\"canonical\" href=\"https:\/\/www.dr-moureaux.com\/index.php\/acceuil\/traitements-anti-age__trashed\/photomodulation-led\/\" \/>\n<meta property=\"og:locale\" content=\"en_US\" \/>\n<meta property=\"og:type\" content=\"article\" \/>\n<meta property=\"og:title\" content=\"Photomodulation Led - Dr Moureaux\" \/>\n<meta property=\"og:description\" content=\"La photomodulation par LED (Light Emitting Diode), appel\u00e9e \u00e9galement th\u00e9rapie LED ou bio-photomodulation LED, est une lumi\u00e8re froide qui permet de r\u00e9hydrater et tonifier la peau en profondeur, de r\u00e9parer la peau l\u00e9s\u00e9e par le soleil, le laser, le tabac, les anomalies m\u00e9caniques \u00e9pidermiques : cicatrices et vergetures.\" \/>\n<meta property=\"og:url\" content=\"https:\/\/www.dr-moureaux.com\/index.php\/acceuil\/traitements-anti-age__trashed\/photomodulation-led\/\" \/>\n<meta property=\"og:site_name\" content=\"Dr Moureaux\" \/>\n<meta property=\"article:modified_time\" content=\"2022-01-27T16:31:55+00:00\" \/>\n<meta property=\"og:image\" content=\"https:\/\/www.dr-moureaux.com\/wp-content\/uploads\/2022\/01\/led-une.png\" \/>\n<meta name=\"twitter:card\" content=\"summary_large_image\" \/>\n<meta name=\"twitter:label1\" content=\"Est. reading time\" \/>\n\t<meta name=\"twitter:data1\" content=\"3 minutes\" \/>\n<script type=\"application\/ld+json\" class=\"yoast-schema-graph\">{\"@context\":\"https:\/\/schema.org\",\"@graph\":[{\"@type\":\"WebSite\",\"@id\":\"https:\/\/www.dr-moureaux.com\/#website\",\"url\":\"https:\/\/www.dr-moureaux.com\/\",\"name\":\"Dr Moureaux\",\"description\":\"Dermatologue et v\u00e9n\u00e9rologue \u00e0 Vannes\",\"potentialAction\":[{\"@type\":\"SearchAction\",\"target\":{\"@type\":\"EntryPoint\",\"urlTemplate\":\"https:\/\/www.dr-moureaux.com\/?s={search_term_string}\"},\"query-input\":\"required name=search_term_string\"}],\"inLanguage\":\"en-US\"},{\"@type\":\"ImageObject\",\"@id\":\"https:\/\/www.dr-moureaux.com\/index.php\/acceuil\/traitements-anti-age__trashed\/photomodulation-led\/#primaryimage\",\"inLanguage\":\"en-US\",\"url\":\"https:\/\/www.dr-moureaux.com\/wp-content\/uploads\/2022\/01\/led-une.png\",\"contentUrl\":\"https:\/\/www.dr-moureaux.com\/wp-content\/uploads\/2022\/01\/led-une.png\",\"width\":930,\"height\":320},{\"@type\":\"WebPage\",\"@id\":\"https:\/\/www.dr-moureaux.com\/index.php\/acceuil\/traitements-anti-age__trashed\/photomodulation-led\/#webpage\",\"url\":\"https:\/\/www.dr-moureaux.com\/index.php\/acceuil\/traitements-anti-age__trashed\/photomodulation-led\/\",\"name\":\"Photomodulation Led - Dr Moureaux\",\"isPartOf\":{\"@id\":\"https:\/\/www.dr-moureaux.com\/#website\"},\"primaryImageOfPage\":{\"@id\":\"https:\/\/www.dr-moureaux.com\/index.php\/acceuil\/traitements-anti-age__trashed\/photomodulation-led\/#primaryimage\"},\"datePublished\":\"2022-01-27T14:42:17+00:00\",\"dateModified\":\"2022-01-27T16:31:55+00:00\",\"description\":\"La photomodulation par LED (Light Emitting Diode), appel\u00e9e \u00e9galement th\u00e9rapie LED ou bio-photomodulation LED, est une lumi\u00e8re froide qui permet de r\u00e9hydrater et tonifier la peau en profondeur, de r\u00e9parer la peau l\u00e9s\u00e9e par le soleil, le laser, le tabac, les anomalies m\u00e9caniques \u00e9pidermiques : cicatrices et vergetures.\",\"breadcrumb\":{\"@id\":\"https:\/\/www.dr-moureaux.com\/index.php\/acceuil\/traitements-anti-age__trashed\/photomodulation-led\/#breadcrumb\"},\"inLanguage\":\"en-US\",\"potentialAction\":[{\"@type\":\"ReadAction\",\"target\":[\"https:\/\/www.dr-moureaux.com\/index.php\/acceuil\/traitements-anti-age__trashed\/photomodulation-led\/\"]}]},{\"@type\":\"BreadcrumbList\",\"@id\":\"https:\/\/www.dr-moureaux.com\/index.php\/acceuil\/traitements-anti-age__trashed\/photomodulation-led\/#breadcrumb\",\"itemListElement\":[{\"@type\":\"ListItem\",\"position\":1,\"name\":\"Accueil\",\"item\":\"https:\/\/www.dr-moureaux.com\/\"},{\"@type\":\"ListItem\",\"position\":2,\"name\":\"Acceuil\",\"item\":\"https:\/\/www.dr-moureaux.com\/\"},{\"@type\":\"ListItem\",\"position\":3,\"name\":\"Photomodulation Led\"}]}]}<\/script>\n<!-- \/ Yoast SEO plugin. -->","yoast_head_json":{"title":"Photomodulation Led - Dr Moureaux","description":"La photomodulation par LED (Light Emitting Diode), appel\u00e9e \u00e9galement th\u00e9rapie LED ou bio-photomodulation LED, est une lumi\u00e8re froide qui permet de r\u00e9hydrater et tonifier la peau en profondeur, de r\u00e9parer la peau l\u00e9s\u00e9e par le soleil, le laser, le tabac, les anomalies m\u00e9caniques \u00e9pidermiques : cicatrices et vergetures.","robots":{"index":"index","follow":"follow","max-snippet":"max-snippet:-1","max-image-preview":"max-image-preview:large","max-video-preview":"max-video-preview:-1"},"canonical":"https:\/\/www.dr-moureaux.com\/index.php\/acceuil\/traitements-anti-age__trashed\/photomodulation-led\/","og_locale":"en_US","og_type":"article","og_title":"Photomodulation Led - Dr Moureaux","og_description":"La photomodulation par LED (Light Emitting Diode), appel\u00e9e \u00e9galement th\u00e9rapie LED ou bio-photomodulation LED, est une lumi\u00e8re froide qui permet de r\u00e9hydrater et tonifier la peau en profondeur, de r\u00e9parer la peau l\u00e9s\u00e9e par le soleil, le laser, le tabac, les anomalies m\u00e9caniques \u00e9pidermiques : cicatrices et vergetures.","og_url":"https:\/\/www.dr-moureaux.com\/index.php\/acceuil\/traitements-anti-age__trashed\/photomodulation-led\/","og_site_name":"Dr Moureaux","article_modified_time":"2022-01-27T16:31:55+00:00","og_image":[{"url":"https:\/\/www.dr-moureaux.com\/wp-content\/uploads\/2022\/01\/led-une.png"}],"twitter_card":"summary_large_image","twitter_misc":{"Est. reading time":"3 minutes"},"schema":{"@context":"https:\/\/schema.org","@graph":[{"@type":"WebSite","@id":"https:\/\/www.dr-moureaux.com\/#website","url":"https:\/\/www.dr-moureaux.com\/","name":"Dr Moureaux","description":"Dermatologue et v\u00e9n\u00e9rologue \u00e0 Vannes","potentialAction":[{"@type":"SearchAction","target":{"@type":"EntryPoint","urlTemplate":"https:\/\/www.dr-moureaux.com\/?s={search_term_string}"},"query-input":"required name=search_term_string"}],"inLanguage":"en-US"},{"@type":"ImageObject","@id":"https:\/\/www.dr-moureaux.com\/index.php\/acceuil\/traitements-anti-age__trashed\/photomodulation-led\/#primaryimage","inLanguage":"en-US","url":"https:\/\/www.dr-moureaux.com\/wp-content\/uploads\/2022\/01\/led-une.png","contentUrl":"https:\/\/www.dr-moureaux.com\/wp-content\/uploads\/2022\/01\/led-une.png","width":930,"height":320},{"@type":"WebPage","@id":"https:\/\/www.dr-moureaux.com\/index.php\/acceuil\/traitements-anti-age__trashed\/photomodulation-led\/#webpage","url":"https:\/\/www.dr-moureaux.com\/index.php\/acceuil\/traitements-anti-age__trashed\/photomodulation-led\/","name":"Photomodulation Led - Dr Moureaux","isPartOf":{"@id":"https:\/\/www.dr-moureaux.com\/#website"},"primaryImageOfPage":{"@id":"https:\/\/www.dr-moureaux.com\/index.php\/acceuil\/traitements-anti-age__trashed\/photomodulation-led\/#primaryimage"},"datePublished":"2022-01-27T14:42:17+00:00","dateModified":"2022-01-27T16:31:55+00:00","description":"La photomodulation par LED (Light Emitting Diode), appel\u00e9e \u00e9galement th\u00e9rapie LED ou bio-photomodulation LED, est une lumi\u00e8re froide qui permet de r\u00e9hydrater et tonifier la peau en profondeur, de r\u00e9parer la peau l\u00e9s\u00e9e par le soleil, le laser, le tabac, les anomalies m\u00e9caniques \u00e9pidermiques : cicatrices et vergetures.","breadcrumb":{"@id":"https:\/\/www.dr-moureaux.com\/index.php\/acceuil\/traitements-anti-age__trashed\/photomodulation-led\/#breadcrumb"},"inLanguage":"en-US","potentialAction":[{"@type":"ReadAction","target":["https:\/\/www.dr-moureaux.com\/index.php\/acceuil\/traitements-anti-age__trashed\/photomodulation-led\/"]}]},{"@type":"BreadcrumbList","@id":"https:\/\/www.dr-moureaux.com\/index.php\/acceuil\/traitements-anti-age__trashed\/photomodulation-led\/#breadcrumb","itemListElement":[{"@type":"ListItem","position":1,"name":"Accueil","item":"https:\/\/www.dr-moureaux.com\/"},{"@type":"ListItem","position":2,"name":"Acceuil","item":"https:\/\/www.dr-moureaux.com\/"},{"@type":"ListItem","position":3,"name":"Photomodulation Led"}]}]}},"_links":{"self":[{"href":"https:\/\/www.dr-moureaux.com\/index.php\/wp-json\/wp\/v2\/pages\/774","targetHints":{"allow":["GET"]}}],"collection":[{"href":"https:\/\/www.dr-moureaux.com\/index.php\/wp-json\/wp\/v2\/pages"}],"about":[{"href":"https:\/\/www.dr-moureaux.com\/index.php\/wp-json\/wp\/v2\/types\/page"}],"author":[{"embeddable":true,"href":"https:\/\/www.dr-moureaux.com\/index.php\/wp-json\/wp\/v2\/users\/1"}],"replies":[{"embeddable":true,"href":"https:\/\/www.dr-moureaux.com\/index.php\/wp-json\/wp\/v2\/comments?post=774"}],"version-history":[{"count":13,"href":"https:\/\/www.dr-moureaux.com\/index.php\/wp-json\/wp\/v2\/pages\/774\/revisions"}],"predecessor-version":[{"id":1036,"href":"https:\/\/www.dr-moureaux.com\/index.php\/wp-json\/wp\/v2\/pages\/774\/revisions\/1036"}],"up":[{"embeddable":true,"href":"https:\/\/www.dr-moureaux.com\/index.php\/wp-json\/wp\/v2\/pages\/26"}],"wp:attachment":[{"href":"https:\/\/www.dr-moureaux.com\/index.php\/wp-json\/wp\/v2\/media?parent=774"}],"curies":[{"name":"wp","href":"https:\/\/api.w.org\/{rel}","templated":true}]}}